{"id":590,"date":"2023-01-26T03:59:31","date_gmt":"2023-01-26T08:59:31","guid":{"rendered":"https:\/\/unifinesafecontrol.com\/kontakt\/"},"modified":"2023-01-26T04:16:31","modified_gmt":"2023-01-26T09:16:31","slug":"kontakt","status":"publish","type":"page","link":"https:\/\/unifinesafecontrol.com\/de\/kontakt\/","title":{"rendered":"Kontakt"},"content":{"rendered":"\n<div class=\"wpcf7 no-js\" id=\"wpcf7-f601-o1\" lang=\"de-DE\" dir=\"ltr\" data-wpcf7-id=\"601\">\n<div class=\"screen-reader-response\"><p role=\"status\" aria-live=\"polite\" aria-atomic=\"true\"><\/p> <ul><\/ul><\/div>\n<form action=\"\/de\/wp-json\/wp\/v2\/pages\/590#wpcf7-f601-o1\" method=\"post\" class=\"wpcf7-form init\" aria-label=\"Kontaktformular\" novalidate=\"novalidate\" data-status=\"init\">\n<fieldset class=\"hidden-fields-container\"><input type=\"hidden\" name=\"_wpcf7\" value=\"601\" \/><input type=\"hidden\" name=\"_wpcf7_version\" value=\"6.1.5\" \/><input type=\"hidden\" name=\"_wpcf7_locale\" value=\"de_DE\" \/><input type=\"hidden\" name=\"_wpcf7_unit_tag\" value=\"wpcf7-f601-o1\" \/><input type=\"hidden\" name=\"_wpcf7_container_post\" value=\"0\" \/><input type=\"hidden\" name=\"_wpcf7_posted_data_hash\" value=\"\" \/><input type=\"hidden\" name=\"_wpcf7_recaptcha_response\" value=\"\" \/>\n<\/fieldset>\n<p><label> Ihr Name*<br \/>\n<span class=\"wpcf7-form-control-wrap\" data-name=\"your-name\"><input size=\"40\" maxlength=\"400\" class=\"wpcf7-form-control wpcf7-text wpcf7-validates-as-required\" aria-required=\"true\" aria-invalid=\"false\" value=\"\" type=\"text\" name=\"your-name\" \/><\/span> <\/label>\n<\/p>\n<p><label> Telefon-\/Handynummer*<br \/>\n<span class=\"wpcf7-form-control-wrap\" data-name=\"telephone\"><input size=\"40\" maxlength=\"400\" class=\"wpcf7-form-control wpcf7-tel wpcf7-validates-as-required wpcf7-text wpcf7-validates-as-tel\" aria-required=\"true\" aria-invalid=\"false\" value=\"\" type=\"tel\" name=\"telephone\" \/><\/span> <\/label>\n<\/p>\n<p><label> E-Mail*<br \/>\n<span class=\"wpcf7-form-control-wrap\" data-name=\"email\"><input size=\"40\" maxlength=\"400\" class=\"wpcf7-form-control wpcf7-email wpcf7-validates-as-required wpcf7-text wpcf7-validates-as-email\" aria-required=\"true\" aria-invalid=\"false\" value=\"\" type=\"email\" name=\"email\" \/><\/span> <\/label>\n<\/p>\n<p><label> Art der Anfrage*<br \/>\n<span class=\"wpcf7-form-control-wrap\" data-name=\"enquiry-select\"><select class=\"wpcf7-form-control wpcf7-select wpcf7-validates-as-required\" id=\"enquiryselect\" aria-required=\"true\" aria-invalid=\"false\" name=\"enquiry-select\"><option value=\"\">&#8211; Bitte ausw\u00e4hlen &#8211;<\/option><option value=\"Frage zum Produkt\">Frage zum Produkt<\/option><option value=\"Anfrage f\u00fcr Au\u00dfendienst\">Anfrage f\u00fcr Au\u00dfendienst<\/option><option value=\"Allg. Frage an die Kundenbetreuung\">Allg. Frage an die Kundenbetreuung<\/option><option value=\"Frage zu Vertriebsm\u00f6glichkeiten\">Frage zu Vertriebsm\u00f6glichkeiten<\/option><option value=\"Frage an die Marketing-Abteilung\">Frage an die Marketing-Abteilung<\/option><option value=\"Sonstige\">Sonstige<\/option><option value=\"Musteranfrage\">Musteranfrage<\/option><\/select><\/span><br \/>\n<\/label>\n<\/p>\n<p><label>Land*<br \/>\n<span class=\"wpcf7-form-control-wrap\" data-name=\"country\"><select class=\"wpcf7-form-control wpcf7-select wpcf7-validates-as-required\" aria-required=\"true\" aria-invalid=\"false\" name=\"country\"><option value=\"\">&#8211; Bitte ausw\u00e4hlen &#8211;<\/option><option value=\"Deutschland\">Deutschland<\/option><option value=\"\u00d6sterreich\">\u00d6sterreich<\/option><option value=\"Schweiz\">Schweiz<\/option><option value=\"Anderes Land\">Anderes Land<\/option><\/select><\/span><br \/>\n<\/label>\n<\/p>\n<p><label>Ihre Nachricht *<br \/>\n<span class=\"wpcf7-form-control-wrap\" data-name=\"your-message\"><textarea cols=\"40\" rows=\"10\" maxlength=\"2000\" class=\"wpcf7-form-control wpcf7-textarea\" aria-invalid=\"false\" name=\"your-message\"><\/textarea><\/span> <\/label>\n<\/p>\n<p><span class=\"wpcf7-form-control-wrap\" data-name=\"checkbox-consent\"><span class=\"wpcf7-form-control wpcf7-checkbox wpcf7-exclusive-checkbox\"><span class=\"wpcf7-list-item first last\"><label><input type=\"checkbox\" name=\"checkbox-consent\" value=\"Durch Angabe meiner E-Mail-Adresse und Setzen des H\u00e4kchens erkl\u00e4re ich mich damit einverstanden, dass Owen Mumford mir regelm\u00e4\u00dfig Informationen \u00fcber Hilfsmittel zur Diabetesbehandlung per E-Mail zuschickt. Meine Einwilligung kann ich jederzeit gegen\u00fcber Owen Mumford widerrufen.\" \/><span class=\"wpcf7-list-item-label\">Durch Angabe meiner E-Mail-Adresse und Setzen des H\u00e4kchens erkl\u00e4re ich mich damit einverstanden, dass Owen Mumford mir regelm\u00e4\u00dfig Informationen \u00fcber Hilfsmittel zur Diabetesbehandlung per E-Mail zuschickt. Meine Einwilligung kann ich jederzeit gegen\u00fcber Owen Mumford widerrufen.<\/span><\/label><\/span><\/span><\/span>\n<\/p>\n<p><input type=\"hidden\" required name=\"recipient\" id=\"recipient\" value=\"de.info@owenmumford.com\" \/><br \/>\n<input class=\"wpcf7-form-control wpcf7-submit has-spinner\" type=\"submit\" value=\"Senden\" \/>\n<\/p><div class=\"wpcf7-response-output\" aria-hidden=\"true\"><\/div>\n<\/form>\n<\/div>\n\n","protected":false},"excerpt":{"rendered":"","protected":false},"author":16,"featured_media":0,"parent":0,"menu_order":0,"comment_status":"closed","ping_status":"closed","template":"templates\/page-contact.php","meta":{"footnotes":""},"class_list":["post-590","page","type-page","status-publish","hentry"],"yoast_head":"<!-- This site is optimized with the Yoast SEO plugin v27.4 - https:\/\/yoast.com\/product\/yoast-seo-wordpress\/ -->\n<title>Kontakt - Unifine SafeControl<\/title>\n<meta name=\"robots\" content=\"index, follow, max-snippet:-1, max-image-preview:large, max-video-preview:-1\" \/>\n<link rel=\"canonical\" href=\"https:\/\/unifinesafecontrol.com\/de\/kontakt\/\" \/>\n<meta property=\"og:locale\" content=\"de_DE\" \/>\n<meta property=\"og:type\" content=\"article\" \/>\n<meta property=\"og:title\" content=\"Kontakt - Unifine SafeControl\" \/>\n<meta property=\"og:url\" content=\"https:\/\/unifinesafecontrol.com\/de\/kontakt\/\" \/>\n<meta property=\"og:site_name\" content=\"Unifine SafeControl\" \/>\n<meta property=\"article:modified_time\" content=\"2023-01-26T09:16:31+00:00\" \/>\n<meta name=\"twitter:card\" content=\"summary_large_image\" \/>\n<meta name=\"twitter:label1\" content=\"Gesch\u00e4tzte Lesezeit\" \/>\n\t<meta name=\"twitter:data1\" content=\"1\u00a0Minute\" \/>\n<script type=\"application\/ld+json\" class=\"yoast-schema-graph\">{\"@context\":\"https:\\\/\\\/schema.org\",\"@graph\":[{\"@type\":\"WebPage\",\"@id\":\"https:\\\/\\\/unifinesafecontrol.com\\\/de\\\/kontakt\\\/\",\"url\":\"https:\\\/\\\/unifinesafecontrol.com\\\/de\\\/kontakt\\\/\",\"name\":\"Kontakt - Unifine SafeControl\",\"isPartOf\":{\"@id\":\"https:\\\/\\\/unifinesafecontrol.com\\\/#website\"},\"datePublished\":\"2023-01-26T08:59:31+00:00\",\"dateModified\":\"2023-01-26T09:16:31+00:00\",\"inLanguage\":\"de\",\"potentialAction\":[{\"@type\":\"ReadAction\",\"target\":[\"https:\\\/\\\/unifinesafecontrol.com\\\/de\\\/kontakt\\\/\"]}]},{\"@type\":\"WebSite\",\"@id\":\"https:\\\/\\\/unifinesafecontrol.com\\\/#website\",\"url\":\"https:\\\/\\\/unifinesafecontrol.com\\\/\",\"name\":\"Unifine SafeControl\",\"description\":\"An Owen Mumford Products site\",\"potentialAction\":[{\"@type\":\"SearchAction\",\"target\":{\"@type\":\"EntryPoint\",\"urlTemplate\":\"https:\\\/\\\/unifinesafecontrol.com\\\/?s={search_term_string}\"},\"query-input\":{\"@type\":\"PropertyValueSpecification\",\"valueRequired\":true,\"valueName\":\"search_term_string\"}}],\"inLanguage\":\"de\"}]}<\/script>\n<!-- \/ Yoast SEO plugin. -->","yoast_head_json":{"title":"Kontakt - Unifine SafeControl","robots":{"index":"index","follow":"follow","max-snippet":"max-snippet:-1","max-image-preview":"max-image-preview:large","max-video-preview":"max-video-preview:-1"},"canonical":"https:\/\/unifinesafecontrol.com\/de\/kontakt\/","og_locale":"de_DE","og_type":"article","og_title":"Kontakt - Unifine SafeControl","og_url":"https:\/\/unifinesafecontrol.com\/de\/kontakt\/","og_site_name":"Unifine SafeControl","article_modified_time":"2023-01-26T09:16:31+00:00","twitter_card":"summary_large_image","twitter_misc":{"Gesch\u00e4tzte Lesezeit":"1\u00a0Minute"},"schema":{"@context":"https:\/\/schema.org","@graph":[{"@type":"WebPage","@id":"https:\/\/unifinesafecontrol.com\/de\/kontakt\/","url":"https:\/\/unifinesafecontrol.com\/de\/kontakt\/","name":"Kontakt - Unifine SafeControl","isPartOf":{"@id":"https:\/\/unifinesafecontrol.com\/#website"},"datePublished":"2023-01-26T08:59:31+00:00","dateModified":"2023-01-26T09:16:31+00:00","inLanguage":"de","potentialAction":[{"@type":"ReadAction","target":["https:\/\/unifinesafecontrol.com\/de\/kontakt\/"]}]},{"@type":"WebSite","@id":"https:\/\/unifinesafecontrol.com\/#website","url":"https:\/\/unifinesafecontrol.com\/","name":"Unifine SafeControl","description":"An Owen Mumford Products site","potentialAction":[{"@type":"SearchAction","target":{"@type":"EntryPoint","urlTemplate":"https:\/\/unifinesafecontrol.com\/?s={search_term_string}"},"query-input":{"@type":"PropertyValueSpecification","valueRequired":true,"valueName":"search_term_string"}}],"inLanguage":"de"}]}},"_links":{"self":[{"href":"https:\/\/unifinesafecontrol.com\/de\/wp-json\/wp\/v2\/pages\/590","targetHints":{"allow":["GET"]}}],"collection":[{"href":"https:\/\/unifinesafecontrol.com\/de\/wp-json\/wp\/v2\/pages"}],"about":[{"href":"https:\/\/unifinesafecontrol.com\/de\/wp-json\/wp\/v2\/types\/page"}],"author":[{"embeddable":true,"href":"https:\/\/unifinesafecontrol.com\/de\/wp-json\/wp\/v2\/users\/16"}],"replies":[{"embeddable":true,"href":"https:\/\/unifinesafecontrol.com\/de\/wp-json\/wp\/v2\/comments?post=590"}],"version-history":[{"count":1,"href":"https:\/\/unifinesafecontrol.com\/de\/wp-json\/wp\/v2\/pages\/590\/revisions"}],"predecessor-version":[{"id":602,"href":"https:\/\/unifinesafecontrol.com\/de\/wp-json\/wp\/v2\/pages\/590\/revisions\/602"}],"wp:attachment":[{"href":"https:\/\/unifinesafecontrol.com\/de\/wp-json\/wp\/v2\/media?parent=590"}],"curies":[{"name":"wp","href":"https:\/\/api.w.org\/{rel}","templated":true}]}}