{"id":591,"date":"2023-01-26T04:00:41","date_gmt":"2023-01-26T09:00:41","guid":{"rendered":"https:\/\/unifinesafecontrol.com\/browserkompatibilitat\/"},"modified":"2023-01-26T04:24:08","modified_gmt":"2023-01-26T09:24:08","slug":"browserkompatibilitat","status":"publish","type":"page","link":"https:\/\/unifinesafecontrol.com\/de\/browserkompatibilitat\/","title":{"rendered":"Browserkompatibilit\u00e4t"},"content":{"rendered":"<p>Diese Website wurde so gestaltet, dass sie f\u00fcr ein m\u00f6glichst gro\u00dfes Publikum zug\u00e4nglich ist. Alle Webseiten wurden gem\u00e4\u00df dem HTML5-Standard und unter Verwendung von Cascading Style Sheets zur Gestaltung entwickelt, so dass diese Website mit allen Webbrowsern, die diese Standards unterst\u00fctzen, angezeigt werden kann.<\/p>\n<p>Einige \u00e4ltere Browser wie der Internet Explorer 6 unterst\u00fctzten diese Standards nicht vollst\u00e4ndig. Besucher, die einen solchen Browser verwenden, k\u00f6nnen diese Website dennoch anzeigen, die Inhalte werden jedoch in einem vereinfachten Layout dargestellt, das nicht das vollst\u00e4ndige Besuchererlebnis bietet.<\/p>\n","protected":false},"excerpt":{"rendered":"<p>Diese Website wurde so gestaltet, dass sie f\u00fcr ein m\u00f6glichst gro\u00dfes Publikum zug\u00e4nglich ist. Alle Webseiten wurden gem\u00e4\u00df dem HTML5-Standard und unter Verwendung von Cascading Style Sheets zur Gestaltung entwickelt, so dass diese Website mit allen Webbrowsern, die diese Standards unterst\u00fctzen, angezeigt werden kann. Einige \u00e4ltere Browser wie der Internet Explorer 6 unterst\u00fctzten diese Standards [&hellip;]<\/p>\n","protected":false},"author":16,"featured_media":0,"parent":0,"menu_order":0,"comment_status":"closed","ping_status":"closed","template":"","meta":{"footnotes":""},"class_list":["post-591","page","type-page","status-publish","hentry"],"yoast_head":"<!-- This site is optimized with the Yoast SEO plugin v27.2 - https:\/\/yoast.com\/product\/yoast-seo-wordpress\/ -->\n<title>Browserkompatibilit\u00e4t - Unifine SafeControl<\/title>\n<meta name=\"robots\" content=\"index, follow, max-snippet:-1, max-image-preview:large, max-video-preview:-1\" \/>\n<link rel=\"canonical\" href=\"https:\/\/unifinesafecontrol.com\/de\/browserkompatibilitat\/\" \/>\n<meta property=\"og:locale\" content=\"de_DE\" \/>\n<meta property=\"og:type\" content=\"article\" \/>\n<meta property=\"og:title\" content=\"Browserkompatibilit\u00e4t - Unifine SafeControl\" \/>\n<meta property=\"og:description\" content=\"Diese Website wurde so gestaltet, dass sie f\u00fcr ein m\u00f6glichst gro\u00dfes Publikum zug\u00e4nglich ist. Alle Webseiten wurden gem\u00e4\u00df dem HTML5-Standard und unter Verwendung von Cascading Style Sheets zur Gestaltung entwickelt, so dass diese Website mit allen Webbrowsern, die diese Standards unterst\u00fctzen, angezeigt werden kann. Einige \u00e4ltere Browser wie der Internet Explorer 6 unterst\u00fctzten diese Standards [&hellip;]\" \/>\n<meta property=\"og:url\" content=\"https:\/\/unifinesafecontrol.com\/de\/browserkompatibilitat\/\" \/>\n<meta property=\"og:site_name\" content=\"Unifine SafeControl\" \/>\n<meta property=\"article:modified_time\" content=\"2023-01-26T09:24:08+00:00\" \/>\n<meta name=\"twitter:card\" content=\"summary_large_image\" \/>\n<meta name=\"twitter:label1\" content=\"Gesch\u00e4tzte Lesezeit\" \/>\n\t<meta name=\"twitter:data1\" content=\"2\u00a0Minuten\" \/>\n<script type=\"application\/ld+json\" class=\"yoast-schema-graph\">{\"@context\":\"https:\/\/schema.org\",\"@graph\":[{\"@type\":\"WebPage\",\"@id\":\"https:\/\/unifinesafecontrol.com\/de\/browserkompatibilitat\/\",\"url\":\"https:\/\/unifinesafecontrol.com\/de\/browserkompatibilitat\/\",\"name\":\"Browserkompatibilit\u00e4t - Unifine SafeControl\",\"isPartOf\":{\"@id\":\"https:\/\/unifinesafecontrol.com\/#website\"},\"datePublished\":\"2023-01-26T09:00:41+00:00\",\"dateModified\":\"2023-01-26T09:24:08+00:00\",\"inLanguage\":\"de\",\"potentialAction\":[{\"@type\":\"ReadAction\",\"target\":[\"https:\/\/unifinesafecontrol.com\/de\/browserkompatibilitat\/\"]}]},{\"@type\":\"WebSite\",\"@id\":\"https:\/\/unifinesafecontrol.com\/#website\",\"url\":\"https:\/\/unifinesafecontrol.com\/\",\"name\":\"Unifine SafeControl\",\"description\":\"An Owen Mumford Products site\",\"potentialAction\":[{\"@type\":\"SearchAction\",\"target\":{\"@type\":\"EntryPoint\",\"urlTemplate\":\"https:\/\/unifinesafecontrol.com\/?s={search_term_string}\"},\"query-input\":{\"@type\":\"PropertyValueSpecification\",\"valueRequired\":true,\"valueName\":\"search_term_string\"}}],\"inLanguage\":\"de\"}]}<\/script>\n<!-- \/ Yoast SEO plugin. -->","yoast_head_json":{"title":"Browserkompatibilit\u00e4t - Unifine SafeControl","robots":{"index":"index","follow":"follow","max-snippet":"max-snippet:-1","max-image-preview":"max-image-preview:large","max-video-preview":"max-video-preview:-1"},"canonical":"https:\/\/unifinesafecontrol.com\/de\/browserkompatibilitat\/","og_locale":"de_DE","og_type":"article","og_title":"Browserkompatibilit\u00e4t - Unifine SafeControl","og_description":"Diese Website wurde so gestaltet, dass sie f\u00fcr ein m\u00f6glichst gro\u00dfes Publikum zug\u00e4nglich ist. Alle Webseiten wurden gem\u00e4\u00df dem HTML5-Standard und unter Verwendung von Cascading Style Sheets zur Gestaltung entwickelt, so dass diese Website mit allen Webbrowsern, die diese Standards unterst\u00fctzen, angezeigt werden kann. Einige \u00e4ltere Browser wie der Internet Explorer 6 unterst\u00fctzten diese Standards [&hellip;]","og_url":"https:\/\/unifinesafecontrol.com\/de\/browserkompatibilitat\/","og_site_name":"Unifine SafeControl","article_modified_time":"2023-01-26T09:24:08+00:00","twitter_card":"summary_large_image","twitter_misc":{"Gesch\u00e4tzte Lesezeit":"2\u00a0Minuten"},"schema":{"@context":"https:\/\/schema.org","@graph":[{"@type":"WebPage","@id":"https:\/\/unifinesafecontrol.com\/de\/browserkompatibilitat\/","url":"https:\/\/unifinesafecontrol.com\/de\/browserkompatibilitat\/","name":"Browserkompatibilit\u00e4t - Unifine SafeControl","isPartOf":{"@id":"https:\/\/unifinesafecontrol.com\/#website"},"datePublished":"2023-01-26T09:00:41+00:00","dateModified":"2023-01-26T09:24:08+00:00","inLanguage":"de","potentialAction":[{"@type":"ReadAction","target":["https:\/\/unifinesafecontrol.com\/de\/browserkompatibilitat\/"]}]},{"@type":"WebSite","@id":"https:\/\/unifinesafecontrol.com\/#website","url":"https:\/\/unifinesafecontrol.com\/","name":"Unifine SafeControl","description":"An Owen Mumford Products site","potentialAction":[{"@type":"SearchAction","target":{"@type":"EntryPoint","urlTemplate":"https:\/\/unifinesafecontrol.com\/?s={search_term_string}"},"query-input":{"@type":"PropertyValueSpecification","valueRequired":true,"valueName":"search_term_string"}}],"inLanguage":"de"}]}},"_links":{"self":[{"href":"https:\/\/unifinesafecontrol.com\/de\/wp-json\/wp\/v2\/pages\/591","targetHints":{"allow":["GET"]}}],"collection":[{"href":"https:\/\/unifinesafecontrol.com\/de\/wp-json\/wp\/v2\/pages"}],"about":[{"href":"https:\/\/unifinesafecontrol.com\/de\/wp-json\/wp\/v2\/types\/page"}],"author":[{"embeddable":true,"href":"https:\/\/unifinesafecontrol.com\/de\/wp-json\/wp\/v2\/users\/16"}],"replies":[{"embeddable":true,"href":"https:\/\/unifinesafecontrol.com\/de\/wp-json\/wp\/v2\/comments?post=591"}],"version-history":[{"count":1,"href":"https:\/\/unifinesafecontrol.com\/de\/wp-json\/wp\/v2\/pages\/591\/revisions"}],"predecessor-version":[{"id":620,"href":"https:\/\/unifinesafecontrol.com\/de\/wp-json\/wp\/v2\/pages\/591\/revisions\/620"}],"wp:attachment":[{"href":"https:\/\/unifinesafecontrol.com\/de\/wp-json\/wp\/v2\/media?parent=591"}],"curies":[{"name":"wp","href":"https:\/\/api.w.org\/{rel}","templated":true}]}}