{"id":592,"date":"2023-01-26T04:01:16","date_gmt":"2023-01-26T09:01:16","guid":{"rendered":"https:\/\/unifinesafecontrol.com\/cookie-richtlinie\/"},"modified":"2023-01-26T04:23:50","modified_gmt":"2023-01-26T09:23:50","slug":"cookie-richtlinie","status":"publish","type":"page","link":"https:\/\/unifinesafecontrol.com\/de\/cookie-richtlinie\/","title":{"rendered":"Cookie-Richtlinie"},"content":{"rendered":"<p>Cookies sind kleine Textdateien, die von besuchten Websites auf Ihrem Computer platziert werden. Sie sind in der Regel f\u00fcr die ordnungsgem\u00e4\u00dfe oder effizientere Funktion von Websites verantwortlich und leiten Informationen an die Betreiber der Website weiter.<\/p>\n<p>Diese Cookies erfassen Informationen dar\u00fcber, wie Besucher unsere Website\u00a0<a href=\"http:\/\/www.owenmumford.com\/de\/\">www.ateriasafecontrol.com\/de\/<\/a>\u00a0nutzen (die \u201e<strong>Website<\/strong>\u201c). Die gewonnenen Informationen helfen uns dabei, Berichte zu erstellen und die Website zu verbessern.<\/p>\n<p>Wir verwenden die folgenden Cookies:<\/p>\n<p><strong>Erforderliche Cookies<\/strong>. Diese sind f\u00fcr den Betrieb der Website erforderlich. Sie umfassen z. B. Cookies, mit denen Sie sich bei sicheren Bereichen der Website anmelden k\u00f6nnen.<\/p>\n<p><strong>Analytische\/Performance-Cookies<\/strong>. Diese erm\u00f6glichen uns, Besucher zu erkennen und zu z\u00e4hlen und deren Bewegungen auf der Website zu verfolgen. Auf diese Weise k\u00f6nnen wir die Funktion der Website verbessern, z. B. indem wir sicherstellen, dass Benutzer das Gew\u00fcnschte leicht finden.<\/p>\n<p><strong>Funktions-Cookies<\/strong>. Mit diesen k\u00f6nnen wir Sie bei Ihrer R\u00fcckkehr zur Website erkennen. Auf diese Weise k\u00f6nnen wir Inhalte auf Sie abstimmen, Sie mit Namen begr\u00fc\u00dfen und Ihre Vorlieben ber\u00fccksichtigen (z.\u00a0B. die von Ihnen gew\u00fcnschte Sprache).<\/p>\n<p><strong>Ziel-Cookies<\/strong>. Diese Cookies zeichnen Ihren Besuch der Website, die besuchten Seiten und die genutzten Links auf. Wir nutzen diese Informationen, um die Website und die angezeigte Werbung besser auf Ihre Interessen abzustimmen. Zu diesem Zweck k\u00f6nnen wir diese Informationen auch an Dritte weitergeben.<\/p>\n<p><strong><u>Die von der Website verwendeten Cookies<\/u><\/strong><\/p>\n<p>Weitere Informationen zu den von uns verwendeten Cookies und zu deren Bestimmung finden Sie in der folgenden Tabelle:<\/p>\n<table>\n<tbody>\n<tr>\n<td width=\"270\"><strong>Bezeichnung des Cookies<\/strong><\/p>\n<p>&nbsp;<\/td>\n<td width=\"286\"><strong>Zweck<\/strong><\/td>\n<\/tr>\n<tr>\n<td width=\"270\"><strong>Cookie-Richtlinie akzeptiert<\/strong><\/td>\n<td width=\"286\">Dies ist ein Funktions-Cookie, der erstellt wird, wenn Sie die Mitteilung zur Cookie-Richtlinie schlie\u00dfen, damit diese bei den weiteren Besuchen nicht mehr angezeigt wird.<\/p>\n<p>&nbsp;<\/td>\n<\/tr>\n<tr>\n<td width=\"270\"><strong>Medizinisches Fachpersonal (nur in franz\u00f6sischer Sprache)<\/strong><\/td>\n<td width=\"286\">Dies ist ein Funktions-Cookie, der nur f\u00fcr die franz\u00f6sische Version der Website erstellt wird, wenn Sie in einem Pop-up gefragt werden, ob Sie eine medizinische Fachkraft sind. Je nach Ihrer Antwort werden entweder Inhalte f\u00fcr medizinische Fachkr\u00e4fte angezeigt oder ausgeblendet, damit Sie nur auf die Patientenbereiche zugreifen k\u00f6nnen.<\/p>\n<p>&nbsp;<\/td>\n<\/tr>\n<tr>\n<td width=\"270\"><strong>Google Analytics<\/strong><\/td>\n<td width=\"286\">Dies ist ein Analyse-\/Performance-Cookie. Die Website verwendet Google Analytics zur Unterst\u00fctzung der Analyse, wie Benutzer die Website nutzen, um Standard-Internetprotokolle und Informationen zum Besucherverhalten in\u00a0<strong>anonymisierter<\/strong>\u00a0Form zu sammeln, sodass Benutzer nicht identifiziert werden k\u00f6nnen. Die vom Cookie erzeugten Informationen zu Ihrem Nutzungsverhalten auf der Website (einschlie\u00dflich Ihrer IP-Adresse) werden an Google \u00fcbermittelt und von Google auf Servern in den USA gespeichert. Google nutzt diese Informationen, um Ihr Nutzungsverhalten auf dieser Website zu analysieren, Berichte zur Website-Aktivit\u00e4t f\u00fcr die Betreiber der Website zu erstellen und andere Dienste in Verbindung mit der Website-Aktivit\u00e4t und Internet-Nutzung bereitzustellen. Google kann diese Informationen an Dritte \u00fcbermitteln, wenn dies vom Gesetz verlangt wird oder Dritte die Informationen im Auftrag von Google verarbeiten. Google bringt Ihre IP-Adresse nicht mit anderen von Google gespeicherten Daten in Verbindung. Google bietet ein Browser-Add-On f\u00fcr Benutzer, die Daten nicht von Google Analytics analysieren lassen m\u00f6chten.\u00a0<a href=\"http:\/\/www.google.co.uk\/intl\/en\/analytics\/privacyoverview.html\">Hier<\/a>\u00a0finden Sie einen \u00dcberblick zum Datenschutz bei Google, und\u00a0<a href=\"https:\/\/tools.google.com\/dlpage\/gaoptout\/\">hier<\/a>\u00a0k\u00f6nnen Sie die Nutzung von Google Analytics untersagen.<\/p>\n<p>&nbsp;<\/td>\n<\/tr>\n<tr>\n<td width=\"270\"><strong>Externe Cookies<\/strong><\/td>\n<td width=\"286\">Einige externe Websites verwenden Cookies f\u00fcr Besuche auf der Owen Mumford-Website. Diese Cookies stammen also nicht von Owen Mumford, sondern wurden von externen Services eingerichtet, um eine bessere Online-Erfahrung zu bieten. Diese externen Services und Cookies werden nachfolgend beschrieben.<\/p>\n<p>&nbsp;<\/td>\n<\/tr>\n<tr>\n<td width=\"270\"><strong>YouTube\/Google<\/strong><\/td>\n<td width=\"286\">Cookies, die von YouTube\/Google an Ihren Browser \u00fcbermittelt werden, unterst\u00fctzen die Darstellung integrierter YouTube-Videos auf der Website. Damit ist der Zugriff auf Informationen in Ihrem Google-Konto m\u00f6glich, sodass Inhalte personalisiert oder aufgezeichnet werden k\u00f6nnen.<\/p>\n<p>&nbsp;<\/td>\n<\/tr>\n<tr>\n<td width=\"270\"><strong>Disqus-Anmerkungen<\/strong><\/td>\n<td width=\"286\">Cookies, die von Disqus an Ihren Browser gesendet werden, dienen der Speicherung Ihrer Benutzerinformationen zu Disqus-Kommentaren. Wenn Sie bereits bei Disqus angemeldet sind, k\u00f6nnen Sie Kommentare schreiben, ohne sich erneut anzumelden.<\/p>\n<p>&nbsp;<\/td>\n<\/tr>\n<tr>\n<td width=\"270\"><strong>Whoisvisiting.com<\/strong><\/td>\n<td width=\"286\">Identifiziert anhand der IP-Adresse der Besucher Unternehmen, die die Website besuchen. Entspricht Ihre IP-Adresse einer solchen Adresse, die mit einem Unternehmen verbunden ist, wird Ihr Besuch als Besuch Ihres Unternehmens verzeichnet. Dies erm\u00f6glicht uns eine bessere Analyse des Besucherverkehrs auf der Website auf einer unternehmens\u00fcbergreifenden Basis, sodass wir Ihnen und Ihrem Unternehmen eine optimierte Erfahrung bieten k\u00f6nnen.<\/p>\n<p>&nbsp;<\/td>\n<\/tr>\n<\/tbody>\n<\/table>\n<p>Durch Nutzung der Website stimmen Sie unserer Nutzung dieser Cookies zu.<\/p>\n<p>Beachten Sie, dass Dritte (darunter Werbeanbieter und externe Service-Anbieter, z. B. f\u00fcr die Analyse von Web-Datenverkehr) ebenfalls Cookies nutzen, \u00fcber die wir keine Kontrolle haben. Dies sind in der Regel Analyse-\/Performance-Cookies oder Ziel-Cookies.<\/p>\n<p><strong><u>Blockieren von Cookies<\/u><\/strong><\/p>\n<p>Sie k\u00f6nnen Cookies blockieren, indem Sie Einstellungen in Ihrem Browser aktivieren, mit denen Sie das Platzieren bestimmter oder aller Cookies verweigern. Wenn Sie alle Cookies blockieren (darunter auch die wichtigen Cookies), k\u00f6nnen Sie ggf. nicht auf alle Teile der Website zugreifen.<\/p>\n<p>Die meisten von uns verwendeten Cookies sind Sitzungs-Cookies. Diese laufen ab, wenn Sie Ihren Browser schlie\u00dfen oder Ihren Computer ausschalten. Andere, f\u00fcr spezielle Zwecke verwendete Cookies laufen ab, wenn der Zweck nicht mehr existiert.<\/p>\n<p><strong>\u00a0<\/strong>Weitere Informationen zum Blockieren von Cookies in bestimmen Browsern finden Sie unter\u00a0<a href=\"http:\/\/aboutcookies.org\/\">http:\/\/aboutcookies.org<\/a>.<\/p>\n<p><strong><u>\u00c4nderungen unserer Cookie-Richtlinie<\/u><\/strong><\/p>\n<p>Zuk\u00fcnftige \u00c4nderungen an unserer Cookie-Richtlinie werden hier ver\u00f6ffentlicht. Stellen Sie sicher, dass Sie diese Seite regelm\u00e4\u00dfig besuchen.<\/p>\n<p><strong><u>Kontakt<\/u><\/strong><\/p>\n<p>Wenn Sie Bedenken zu Materialien auf der Website oder Fragen\/Anmerkungen zu unserer Cookie-Richtlinie haben, kontaktieren Sie uns unter\u00a0<a href=\"mailto:info@owenmumford.co.uk\">info@owenmumford.co.uk<\/a>\u00a0oder per Einschreiben an Brook Hill, Woodstock, Oxford, OX20 1TU, Vereinigtes K\u00f6nigreich. Sie k\u00f6nnen auch unser Kontaktformular auf der Website nutzen, dass Sie\u00a0<a href=\"https:\/\/www.owenmumford.com\/de\/kontakt\/\">hier<\/a>\u00a0abrufen k\u00f6nnen.<\/p>\n<p>&nbsp;<\/p>\n<p>Die Datenschutz- und Cookie-Richtlinie k\u00f6nnen Sie\u00a0<a href=\"https:\/\/www.owenmumford.com\/de\/wp-content\/uploads\/sites\/6\/2018\/12\/Owen-Mumford-Datenschutz-und-Cookie-Richtlinie_122018-1.pdf\" target=\"_blank\" rel=\"noopener noreferrer\">hier<\/a>\u00a0zum Nachlesen noch einmal als pdf-Datei herunterladen.<\/p>\n","protected":false},"excerpt":{"rendered":"<p>Cookies sind kleine Textdateien, die von besuchten Websites auf Ihrem Computer platziert werden. Sie sind in der Regel f\u00fcr die ordnungsgem\u00e4\u00dfe oder effizientere Funktion von Websites verantwortlich und leiten Informationen an die Betreiber der Website weiter. Diese Cookies erfassen Informationen dar\u00fcber, wie Besucher unsere Website\u00a0www.ateriasafecontrol.com\/de\/\u00a0nutzen (die \u201eWebsite\u201c). Die gewonnenen Informationen helfen uns dabei, Berichte zu [&hellip;]<\/p>\n","protected":false},"author":16,"featured_media":0,"parent":0,"menu_order":0,"comment_status":"closed","ping_status":"closed","template":"","meta":{"footnotes":""},"class_list":["post-592","page","type-page","status-publish","hentry"],"yoast_head":"<!-- This site is optimized with the Yoast SEO plugin v27.2 - https:\/\/yoast.com\/product\/yoast-seo-wordpress\/ -->\n<title>Cookie-Richtlinie - Unifine SafeControl<\/title>\n<meta name=\"robots\" content=\"index, follow, max-snippet:-1, max-image-preview:large, max-video-preview:-1\" \/>\n<link rel=\"canonical\" href=\"https:\/\/unifinesafecontrol.com\/de\/cookie-richtlinie\/\" \/>\n<meta property=\"og:locale\" content=\"de_DE\" \/>\n<meta property=\"og:type\" content=\"article\" \/>\n<meta property=\"og:title\" content=\"Cookie-Richtlinie - Unifine SafeControl\" \/>\n<meta property=\"og:description\" content=\"Cookies sind kleine Textdateien, die von besuchten Websites auf Ihrem Computer platziert werden. Sie sind in der Regel f\u00fcr die ordnungsgem\u00e4\u00dfe oder effizientere Funktion von Websites verantwortlich und leiten Informationen an die Betreiber der Website weiter. Diese Cookies erfassen Informationen dar\u00fcber, wie Besucher unsere Website\u00a0www.ateriasafecontrol.com\/de\/\u00a0nutzen (die \u201eWebsite\u201c). Die gewonnenen Informationen helfen uns dabei, Berichte zu [&hellip;]\" \/>\n<meta property=\"og:url\" content=\"https:\/\/unifinesafecontrol.com\/de\/cookie-richtlinie\/\" \/>\n<meta property=\"og:site_name\" content=\"Unifine SafeControl\" \/>\n<meta property=\"article:modified_time\" content=\"2023-01-26T09:23:50+00:00\" \/>\n<meta name=\"twitter:card\" content=\"summary_large_image\" \/>\n<meta name=\"twitter:label1\" content=\"Gesch\u00e4tzte Lesezeit\" \/>\n\t<meta name=\"twitter:data1\" content=\"2\u00a0Minuten\" \/>\n<script type=\"application\/ld+json\" class=\"yoast-schema-graph\">{\"@context\":\"https:\/\/schema.org\",\"@graph\":[{\"@type\":\"WebPage\",\"@id\":\"https:\/\/unifinesafecontrol.com\/de\/cookie-richtlinie\/\",\"url\":\"https:\/\/unifinesafecontrol.com\/de\/cookie-richtlinie\/\",\"name\":\"Cookie-Richtlinie - Unifine SafeControl\",\"isPartOf\":{\"@id\":\"https:\/\/unifinesafecontrol.com\/#website\"},\"datePublished\":\"2023-01-26T09:01:16+00:00\",\"dateModified\":\"2023-01-26T09:23:50+00:00\",\"inLanguage\":\"de\",\"potentialAction\":[{\"@type\":\"ReadAction\",\"target\":[\"https:\/\/unifinesafecontrol.com\/de\/cookie-richtlinie\/\"]}]},{\"@type\":\"WebSite\",\"@id\":\"https:\/\/unifinesafecontrol.com\/#website\",\"url\":\"https:\/\/unifinesafecontrol.com\/\",\"name\":\"Unifine SafeControl\",\"description\":\"An Owen Mumford Products site\",\"potentialAction\":[{\"@type\":\"SearchAction\",\"target\":{\"@type\":\"EntryPoint\",\"urlTemplate\":\"https:\/\/unifinesafecontrol.com\/?s={search_term_string}\"},\"query-input\":{\"@type\":\"PropertyValueSpecification\",\"valueRequired\":true,\"valueName\":\"search_term_string\"}}],\"inLanguage\":\"de\"}]}<\/script>\n<!-- \/ Yoast SEO plugin. -->","yoast_head_json":{"title":"Cookie-Richtlinie - Unifine SafeControl","robots":{"index":"index","follow":"follow","max-snippet":"max-snippet:-1","max-image-preview":"max-image-preview:large","max-video-preview":"max-video-preview:-1"},"canonical":"https:\/\/unifinesafecontrol.com\/de\/cookie-richtlinie\/","og_locale":"de_DE","og_type":"article","og_title":"Cookie-Richtlinie - Unifine SafeControl","og_description":"Cookies sind kleine Textdateien, die von besuchten Websites auf Ihrem Computer platziert werden. Sie sind in der Regel f\u00fcr die ordnungsgem\u00e4\u00dfe oder effizientere Funktion von Websites verantwortlich und leiten Informationen an die Betreiber der Website weiter. Diese Cookies erfassen Informationen dar\u00fcber, wie Besucher unsere Website\u00a0www.ateriasafecontrol.com\/de\/\u00a0nutzen (die \u201eWebsite\u201c). Die gewonnenen Informationen helfen uns dabei, Berichte zu [&hellip;]","og_url":"https:\/\/unifinesafecontrol.com\/de\/cookie-richtlinie\/","og_site_name":"Unifine SafeControl","article_modified_time":"2023-01-26T09:23:50+00:00","twitter_card":"summary_large_image","twitter_misc":{"Gesch\u00e4tzte Lesezeit":"2\u00a0Minuten"},"schema":{"@context":"https:\/\/schema.org","@graph":[{"@type":"WebPage","@id":"https:\/\/unifinesafecontrol.com\/de\/cookie-richtlinie\/","url":"https:\/\/unifinesafecontrol.com\/de\/cookie-richtlinie\/","name":"Cookie-Richtlinie - Unifine SafeControl","isPartOf":{"@id":"https:\/\/unifinesafecontrol.com\/#website"},"datePublished":"2023-01-26T09:01:16+00:00","dateModified":"2023-01-26T09:23:50+00:00","inLanguage":"de","potentialAction":[{"@type":"ReadAction","target":["https:\/\/unifinesafecontrol.com\/de\/cookie-richtlinie\/"]}]},{"@type":"WebSite","@id":"https:\/\/unifinesafecontrol.com\/#website","url":"https:\/\/unifinesafecontrol.com\/","name":"Unifine SafeControl","description":"An Owen Mumford Products site","potentialAction":[{"@type":"SearchAction","target":{"@type":"EntryPoint","urlTemplate":"https:\/\/unifinesafecontrol.com\/?s={search_term_string}"},"query-input":{"@type":"PropertyValueSpecification","valueRequired":true,"valueName":"search_term_string"}}],"inLanguage":"de"}]}},"_links":{"self":[{"href":"https:\/\/unifinesafecontrol.com\/de\/wp-json\/wp\/v2\/pages\/592","targetHints":{"allow":["GET"]}}],"collection":[{"href":"https:\/\/unifinesafecontrol.com\/de\/wp-json\/wp\/v2\/pages"}],"about":[{"href":"https:\/\/unifinesafecontrol.com\/de\/wp-json\/wp\/v2\/types\/page"}],"author":[{"embeddable":true,"href":"https:\/\/unifinesafecontrol.com\/de\/wp-json\/wp\/v2\/users\/16"}],"replies":[{"embeddable":true,"href":"https:\/\/unifinesafecontrol.com\/de\/wp-json\/wp\/v2\/comments?post=592"}],"version-history":[{"count":1,"href":"https:\/\/unifinesafecontrol.com\/de\/wp-json\/wp\/v2\/pages\/592\/revisions"}],"predecessor-version":[{"id":619,"href":"https:\/\/unifinesafecontrol.com\/de\/wp-json\/wp\/v2\/pages\/592\/revisions\/619"}],"wp:attachment":[{"href":"https:\/\/unifinesafecontrol.com\/de\/wp-json\/wp\/v2\/media?parent=592"}],"curies":[{"name":"wp","href":"https:\/\/api.w.org\/{rel}","templated":true}]}}