{"id":593,"date":"2023-01-26T04:01:46","date_gmt":"2023-01-26T09:01:46","guid":{"rendered":"https:\/\/unifinesafecontrol.com\/geistiges-eigentum\/"},"modified":"2023-01-26T05:33:58","modified_gmt":"2023-01-26T10:33:58","slug":"geistiges-eigentum","status":"publish","type":"page","link":"https:\/\/unifinesafecontrol.com\/de\/geistiges-eigentum\/","title":{"rendered":"Geistiges Eigentum"},"content":{"rendered":"<p>Owen Mumford geh\u00f6rt weltweit zu den f\u00fchrenden Unternehmen in der Entwicklung und Fertigung von Medizinprodukten.<\/p>\n<p>Die Erkenntnisse unserer Kunden und klinischen Spezialisten treiben uns dazu an, stetig neue Methoden zur Verbesserung unserer bestehenden Produktpalette zu erforschen und unser Produktsortiment zu erweitern. Im Rahmen des neuen Produktentwicklungsprozesses entwickeln und erwerben wir neue Technologien, die es uns m\u00f6glich machen, innovative Produkt- und Designl\u00f6sungen zu erstellen. In diesem Prozess wird geistiges Eigentum generiert, das in unserer gesamten Produktpalette verwendet wird.<\/p>\n<p>Rechte des geistigen Eigentums wie Copyright, Geschmacksmusterrechte, Markenrechte, Patente usw., die auf der Website owenmumford.com verf\u00fcgbar sind, verbleiben im Eigentum von Owen Mumford (oder gegebenenfalls einem anderen rechtm\u00e4\u00dfigen Eigent\u00fcmer).<\/p>\n<p>Diese Seite dient als Verweis auf alle Rechte des geistigen Eigentums, die derzeit im Eigentum von Owen Mumford oder an Owen Mumford lizenziert sind.<\/p>\n<p><strong>Lizenzierte Patentfamilie:<\/strong><\/p>\n<p>&nbsp;<\/p>\n<p>Unifine SafeControl<\/p>\n<p>Die folgenden laufenden Patentantr\u00e4ge bzw. erteilten Patente gelten f\u00fcr die Produkte:<\/p>\n<p>GB2532983B, CN107073228A, US2018\/221591A, and<\/p>\n<p>EP3174582B1 (validated in France, Germany, Italy, Spain, Sweden and the United Kingdom).<\/p>\n<p>GB2537441B, GB2552901A, CN106139329A, CN206325077U, JP2018515150A, KR101861978B, MX2017003305A, TWI649107B, US2018\/064883A, and<\/p>\n<p>EP3193989B (validated in Czech Republic, Denmark, France, Germany, Hungary, Ireland, Italy, Poland, Slovakia, Sweden, Switzerland and the United Kingdom).<\/p>\n<p>Die folgenden laufenden Patentantr\u00e4ge bzw. erteilten Patente gelten f\u00fcr die Produkte:<\/p>\n<p>European Registered Community Design 3337856-0001 to 3337856-0027, CN304112706 S, CN304176972 S, CN304206697 S, CN304206698 S, CN304206699 S, CN304152270 S, CN304152271 S, IN290775, IN290776, IN290777, JP1611123, JP1611124, KR3009505980001, KR3009505980002, KR3009505980003.<\/p>\n","protected":false},"excerpt":{"rendered":"<p>Owen Mumford geh\u00f6rt weltweit zu den f\u00fchrenden Unternehmen in der Entwicklung und Fertigung von Medizinprodukten. Die Erkenntnisse unserer Kunden und klinischen Spezialisten treiben uns dazu an, stetig neue Methoden zur Verbesserung unserer bestehenden Produktpalette zu erforschen und unser Produktsortiment zu erweitern. Im Rahmen des neuen Produktentwicklungsprozesses entwickeln und erwerben wir neue Technologien, die es uns [&hellip;]<\/p>\n","protected":false},"author":16,"featured_media":0,"parent":0,"menu_order":0,"comment_status":"closed","ping_status":"closed","template":"","meta":{"footnotes":""},"class_list":["post-593","page","type-page","status-publish","hentry"],"yoast_head":"<!-- This site is optimized with the Yoast SEO plugin v27.2 - https:\/\/yoast.com\/product\/yoast-seo-wordpress\/ -->\n<title>Geistiges Eigentum - Unifine SafeControl<\/title>\n<meta name=\"robots\" content=\"index, follow, max-snippet:-1, max-image-preview:large, max-video-preview:-1\" \/>\n<link rel=\"canonical\" href=\"https:\/\/unifinesafecontrol.com\/de\/geistiges-eigentum\/\" \/>\n<meta property=\"og:locale\" content=\"de_DE\" \/>\n<meta property=\"og:type\" content=\"article\" \/>\n<meta property=\"og:title\" content=\"Geistiges Eigentum - Unifine SafeControl\" \/>\n<meta property=\"og:description\" content=\"Owen Mumford geh\u00f6rt weltweit zu den f\u00fchrenden Unternehmen in der Entwicklung und Fertigung von Medizinprodukten. Die Erkenntnisse unserer Kunden und klinischen Spezialisten treiben uns dazu an, stetig neue Methoden zur Verbesserung unserer bestehenden Produktpalette zu erforschen und unser Produktsortiment zu erweitern. Im Rahmen des neuen Produktentwicklungsprozesses entwickeln und erwerben wir neue Technologien, die es uns [&hellip;]\" \/>\n<meta property=\"og:url\" content=\"https:\/\/unifinesafecontrol.com\/de\/geistiges-eigentum\/\" \/>\n<meta property=\"og:site_name\" content=\"Unifine SafeControl\" \/>\n<meta property=\"article:modified_time\" content=\"2023-01-26T10:33:58+00:00\" \/>\n<meta name=\"twitter:card\" content=\"summary_large_image\" \/>\n<meta name=\"twitter:label1\" content=\"Gesch\u00e4tzte Lesezeit\" \/>\n\t<meta name=\"twitter:data1\" content=\"2\u00a0Minuten\" \/>\n<script type=\"application\/ld+json\" class=\"yoast-schema-graph\">{\"@context\":\"https:\/\/schema.org\",\"@graph\":[{\"@type\":\"WebPage\",\"@id\":\"https:\/\/unifinesafecontrol.com\/de\/geistiges-eigentum\/\",\"url\":\"https:\/\/unifinesafecontrol.com\/de\/geistiges-eigentum\/\",\"name\":\"Geistiges Eigentum - Unifine SafeControl\",\"isPartOf\":{\"@id\":\"https:\/\/unifinesafecontrol.com\/#website\"},\"datePublished\":\"2023-01-26T09:01:46+00:00\",\"dateModified\":\"2023-01-26T10:33:58+00:00\",\"inLanguage\":\"de\",\"potentialAction\":[{\"@type\":\"ReadAction\",\"target\":[\"https:\/\/unifinesafecontrol.com\/de\/geistiges-eigentum\/\"]}]},{\"@type\":\"WebSite\",\"@id\":\"https:\/\/unifinesafecontrol.com\/#website\",\"url\":\"https:\/\/unifinesafecontrol.com\/\",\"name\":\"Unifine SafeControl\",\"description\":\"An Owen Mumford Products site\",\"potentialAction\":[{\"@type\":\"SearchAction\",\"target\":{\"@type\":\"EntryPoint\",\"urlTemplate\":\"https:\/\/unifinesafecontrol.com\/?s={search_term_string}\"},\"query-input\":{\"@type\":\"PropertyValueSpecification\",\"valueRequired\":true,\"valueName\":\"search_term_string\"}}],\"inLanguage\":\"de\"}]}<\/script>\n<!-- \/ Yoast SEO plugin. -->","yoast_head_json":{"title":"Geistiges Eigentum - Unifine SafeControl","robots":{"index":"index","follow":"follow","max-snippet":"max-snippet:-1","max-image-preview":"max-image-preview:large","max-video-preview":"max-video-preview:-1"},"canonical":"https:\/\/unifinesafecontrol.com\/de\/geistiges-eigentum\/","og_locale":"de_DE","og_type":"article","og_title":"Geistiges Eigentum - Unifine SafeControl","og_description":"Owen Mumford geh\u00f6rt weltweit zu den f\u00fchrenden Unternehmen in der Entwicklung und Fertigung von Medizinprodukten. Die Erkenntnisse unserer Kunden und klinischen Spezialisten treiben uns dazu an, stetig neue Methoden zur Verbesserung unserer bestehenden Produktpalette zu erforschen und unser Produktsortiment zu erweitern. Im Rahmen des neuen Produktentwicklungsprozesses entwickeln und erwerben wir neue Technologien, die es uns [&hellip;]","og_url":"https:\/\/unifinesafecontrol.com\/de\/geistiges-eigentum\/","og_site_name":"Unifine SafeControl","article_modified_time":"2023-01-26T10:33:58+00:00","twitter_card":"summary_large_image","twitter_misc":{"Gesch\u00e4tzte Lesezeit":"2\u00a0Minuten"},"schema":{"@context":"https:\/\/schema.org","@graph":[{"@type":"WebPage","@id":"https:\/\/unifinesafecontrol.com\/de\/geistiges-eigentum\/","url":"https:\/\/unifinesafecontrol.com\/de\/geistiges-eigentum\/","name":"Geistiges Eigentum - Unifine SafeControl","isPartOf":{"@id":"https:\/\/unifinesafecontrol.com\/#website"},"datePublished":"2023-01-26T09:01:46+00:00","dateModified":"2023-01-26T10:33:58+00:00","inLanguage":"de","potentialAction":[{"@type":"ReadAction","target":["https:\/\/unifinesafecontrol.com\/de\/geistiges-eigentum\/"]}]},{"@type":"WebSite","@id":"https:\/\/unifinesafecontrol.com\/#website","url":"https:\/\/unifinesafecontrol.com\/","name":"Unifine SafeControl","description":"An Owen Mumford Products site","potentialAction":[{"@type":"SearchAction","target":{"@type":"EntryPoint","urlTemplate":"https:\/\/unifinesafecontrol.com\/?s={search_term_string}"},"query-input":{"@type":"PropertyValueSpecification","valueRequired":true,"valueName":"search_term_string"}}],"inLanguage":"de"}]}},"_links":{"self":[{"href":"https:\/\/unifinesafecontrol.com\/de\/wp-json\/wp\/v2\/pages\/593","targetHints":{"allow":["GET"]}}],"collection":[{"href":"https:\/\/unifinesafecontrol.com\/de\/wp-json\/wp\/v2\/pages"}],"about":[{"href":"https:\/\/unifinesafecontrol.com\/de\/wp-json\/wp\/v2\/types\/page"}],"author":[{"embeddable":true,"href":"https:\/\/unifinesafecontrol.com\/de\/wp-json\/wp\/v2\/users\/16"}],"replies":[{"embeddable":true,"href":"https:\/\/unifinesafecontrol.com\/de\/wp-json\/wp\/v2\/comments?post=593"}],"version-history":[{"count":2,"href":"https:\/\/unifinesafecontrol.com\/de\/wp-json\/wp\/v2\/pages\/593\/revisions"}],"predecessor-version":[{"id":638,"href":"https:\/\/unifinesafecontrol.com\/de\/wp-json\/wp\/v2\/pages\/593\/revisions\/638"}],"wp:attachment":[{"href":"https:\/\/unifinesafecontrol.com\/de\/wp-json\/wp\/v2\/media?parent=593"}],"curies":[{"name":"wp","href":"https:\/\/api.w.org\/{rel}","templated":true}]}}