{"id":594,"date":"2023-01-26T04:02:05","date_gmt":"2023-01-26T09:02:05","guid":{"rendered":"https:\/\/unifinesafecontrol.com\/medizinischer-haftungsausschluss\/"},"modified":"2023-01-26T04:13:35","modified_gmt":"2023-01-26T09:13:35","slug":"medizinischer-haftungsausschluss","status":"publish","type":"page","link":"https:\/\/unifinesafecontrol.com\/de\/medizinischer-haftungsausschluss\/","title":{"rendered":"Medizinischer Haftungsausschluss"},"content":{"rendered":"<p><strong>Haftungsausschluss und allgemeiner Hinweis zu medizinischen Themen<\/strong><\/p>\n<p>Die auf dieser Website dargestellten Inhalte sollen Ihnen helfen, Ihre Erkrankung zu \u00fcberwachen, und sollen Ihrem Arzt Informationen zur Verf\u00fcgung stellen, die f\u00fcr das Selbstmanagement Ihrer Krankheit relevant sind. Der Text erhebt weder einen Anspruch auf Vollst\u00e4ndigkeit noch kann die Aktualit\u00e4t, Richtigkeit und Ausgewogenheit der dargebotenen Information garantiert werden. Die Informationen auf dieser Website ersetzen keinesfalls die fachliche Beratung durch einen Arzt oder Apotheker und sie d\u00fcrfen nicht als Grundlage zur eigenst\u00e4ndigen Diagnose und Beginn, \u00c4nderung oder Beendigung einer Behandlung von Krankheiten verwendet werden. Konsultieren Sie bei gesundheitlichen Fragen oder Beschwerden immer den Arzt Ihres Vertrauens! Beachten Sie auch den\u00a0<a href=\"https:\/\/www.owenmumford.com\/de\/agb\/\" target=\"_blank\" rel=\"noopener noreferrer\">Haftungsausschluss<\/a>.<\/p>\n","protected":false},"excerpt":{"rendered":"<p>Haftungsausschluss und allgemeiner Hinweis zu medizinischen Themen Die auf dieser Website dargestellten Inhalte sollen Ihnen helfen, Ihre Erkrankung zu \u00fcberwachen, und sollen Ihrem Arzt Informationen zur Verf\u00fcgung stellen, die f\u00fcr das Selbstmanagement Ihrer Krankheit relevant sind. Der Text erhebt weder einen Anspruch auf Vollst\u00e4ndigkeit noch kann die Aktualit\u00e4t, Richtigkeit und Ausgewogenheit der dargebotenen Information garantiert [&hellip;]<\/p>\n","protected":false},"author":16,"featured_media":0,"parent":0,"menu_order":0,"comment_status":"closed","ping_status":"closed","template":"","meta":{"footnotes":""},"class_list":["post-594","page","type-page","status-publish","hentry"],"yoast_head":"<!-- This site is optimized with the Yoast SEO plugin v27.2 - https:\/\/yoast.com\/product\/yoast-seo-wordpress\/ -->\n<title>Medizinischer Haftungsausschluss - Unifine SafeControl<\/title>\n<meta name=\"robots\" content=\"index, follow, max-snippet:-1, max-image-preview:large, max-video-preview:-1\" \/>\n<link rel=\"canonical\" href=\"https:\/\/unifinesafecontrol.com\/de\/medizinischer-haftungsausschluss\/\" \/>\n<meta property=\"og:locale\" content=\"de_DE\" \/>\n<meta property=\"og:type\" content=\"article\" \/>\n<meta property=\"og:title\" content=\"Medizinischer Haftungsausschluss - Unifine SafeControl\" \/>\n<meta property=\"og:description\" content=\"Haftungsausschluss und allgemeiner Hinweis zu medizinischen Themen Die auf dieser Website dargestellten Inhalte sollen Ihnen helfen, Ihre Erkrankung zu \u00fcberwachen, und sollen Ihrem Arzt Informationen zur Verf\u00fcgung stellen, die f\u00fcr das Selbstmanagement Ihrer Krankheit relevant sind. Der Text erhebt weder einen Anspruch auf Vollst\u00e4ndigkeit noch kann die Aktualit\u00e4t, Richtigkeit und Ausgewogenheit der dargebotenen Information garantiert [&hellip;]\" \/>\n<meta property=\"og:url\" content=\"https:\/\/unifinesafecontrol.com\/de\/medizinischer-haftungsausschluss\/\" \/>\n<meta property=\"og:site_name\" content=\"Unifine SafeControl\" \/>\n<meta property=\"article:modified_time\" content=\"2023-01-26T09:13:35+00:00\" \/>\n<meta name=\"twitter:card\" content=\"summary_large_image\" \/>\n<meta name=\"twitter:label1\" content=\"Gesch\u00e4tzte Lesezeit\" \/>\n\t<meta name=\"twitter:data1\" content=\"1\u00a0Minute\" \/>\n<script type=\"application\/ld+json\" class=\"yoast-schema-graph\">{\"@context\":\"https:\/\/schema.org\",\"@graph\":[{\"@type\":\"WebPage\",\"@id\":\"https:\/\/unifinesafecontrol.com\/de\/medizinischer-haftungsausschluss\/\",\"url\":\"https:\/\/unifinesafecontrol.com\/de\/medizinischer-haftungsausschluss\/\",\"name\":\"Medizinischer Haftungsausschluss - Unifine SafeControl\",\"isPartOf\":{\"@id\":\"https:\/\/unifinesafecontrol.com\/#website\"},\"datePublished\":\"2023-01-26T09:02:05+00:00\",\"dateModified\":\"2023-01-26T09:13:35+00:00\",\"inLanguage\":\"de\",\"potentialAction\":[{\"@type\":\"ReadAction\",\"target\":[\"https:\/\/unifinesafecontrol.com\/de\/medizinischer-haftungsausschluss\/\"]}]},{\"@type\":\"WebSite\",\"@id\":\"https:\/\/unifinesafecontrol.com\/#website\",\"url\":\"https:\/\/unifinesafecontrol.com\/\",\"name\":\"Unifine SafeControl\",\"description\":\"An Owen Mumford Products site\",\"potentialAction\":[{\"@type\":\"SearchAction\",\"target\":{\"@type\":\"EntryPoint\",\"urlTemplate\":\"https:\/\/unifinesafecontrol.com\/?s={search_term_string}\"},\"query-input\":{\"@type\":\"PropertyValueSpecification\",\"valueRequired\":true,\"valueName\":\"search_term_string\"}}],\"inLanguage\":\"de\"}]}<\/script>\n<!-- \/ Yoast SEO plugin. -->","yoast_head_json":{"title":"Medizinischer Haftungsausschluss - Unifine SafeControl","robots":{"index":"index","follow":"follow","max-snippet":"max-snippet:-1","max-image-preview":"max-image-preview:large","max-video-preview":"max-video-preview:-1"},"canonical":"https:\/\/unifinesafecontrol.com\/de\/medizinischer-haftungsausschluss\/","og_locale":"de_DE","og_type":"article","og_title":"Medizinischer Haftungsausschluss - Unifine SafeControl","og_description":"Haftungsausschluss und allgemeiner Hinweis zu medizinischen Themen Die auf dieser Website dargestellten Inhalte sollen Ihnen helfen, Ihre Erkrankung zu \u00fcberwachen, und sollen Ihrem Arzt Informationen zur Verf\u00fcgung stellen, die f\u00fcr das Selbstmanagement Ihrer Krankheit relevant sind. Der Text erhebt weder einen Anspruch auf Vollst\u00e4ndigkeit noch kann die Aktualit\u00e4t, Richtigkeit und Ausgewogenheit der dargebotenen Information garantiert [&hellip;]","og_url":"https:\/\/unifinesafecontrol.com\/de\/medizinischer-haftungsausschluss\/","og_site_name":"Unifine SafeControl","article_modified_time":"2023-01-26T09:13:35+00:00","twitter_card":"summary_large_image","twitter_misc":{"Gesch\u00e4tzte Lesezeit":"1\u00a0Minute"},"schema":{"@context":"https:\/\/schema.org","@graph":[{"@type":"WebPage","@id":"https:\/\/unifinesafecontrol.com\/de\/medizinischer-haftungsausschluss\/","url":"https:\/\/unifinesafecontrol.com\/de\/medizinischer-haftungsausschluss\/","name":"Medizinischer Haftungsausschluss - Unifine SafeControl","isPartOf":{"@id":"https:\/\/unifinesafecontrol.com\/#website"},"datePublished":"2023-01-26T09:02:05+00:00","dateModified":"2023-01-26T09:13:35+00:00","inLanguage":"de","potentialAction":[{"@type":"ReadAction","target":["https:\/\/unifinesafecontrol.com\/de\/medizinischer-haftungsausschluss\/"]}]},{"@type":"WebSite","@id":"https:\/\/unifinesafecontrol.com\/#website","url":"https:\/\/unifinesafecontrol.com\/","name":"Unifine SafeControl","description":"An Owen Mumford Products site","potentialAction":[{"@type":"SearchAction","target":{"@type":"EntryPoint","urlTemplate":"https:\/\/unifinesafecontrol.com\/?s={search_term_string}"},"query-input":{"@type":"PropertyValueSpecification","valueRequired":true,"valueName":"search_term_string"}}],"inLanguage":"de"}]}},"_links":{"self":[{"href":"https:\/\/unifinesafecontrol.com\/de\/wp-json\/wp\/v2\/pages\/594","targetHints":{"allow":["GET"]}}],"collection":[{"href":"https:\/\/unifinesafecontrol.com\/de\/wp-json\/wp\/v2\/pages"}],"about":[{"href":"https:\/\/unifinesafecontrol.com\/de\/wp-json\/wp\/v2\/types\/page"}],"author":[{"embeddable":true,"href":"https:\/\/unifinesafecontrol.com\/de\/wp-json\/wp\/v2\/users\/16"}],"replies":[{"embeddable":true,"href":"https:\/\/unifinesafecontrol.com\/de\/wp-json\/wp\/v2\/comments?post=594"}],"version-history":[{"count":1,"href":"https:\/\/unifinesafecontrol.com\/de\/wp-json\/wp\/v2\/pages\/594\/revisions"}],"predecessor-version":[{"id":600,"href":"https:\/\/unifinesafecontrol.com\/de\/wp-json\/wp\/v2\/pages\/594\/revisions\/600"}],"wp:attachment":[{"href":"https:\/\/unifinesafecontrol.com\/de\/wp-json\/wp\/v2\/media?parent=594"}],"curies":[{"name":"wp","href":"https:\/\/api.w.org\/{rel}","templated":true}]}}