{"id":596,"date":"2023-01-26T04:03:19","date_gmt":"2023-01-26T09:03:19","guid":{"rendered":"https:\/\/unifinesafecontrol.com\/allgemeine-geschaftsbedingungen\/"},"modified":"2023-01-26T04:24:32","modified_gmt":"2023-01-26T09:24:32","slug":"allgemeine-geschaftsbedingungen","status":"publish","type":"page","link":"https:\/\/unifinesafecontrol.com\/de\/allgemeine-geschaftsbedingungen\/","title":{"rendered":"Allgemeine Gesch\u00e4ftsbedingungen"},"content":{"rendered":"<h2>Haftungsausschluss<\/h2>\n<p>Owen Mumford Limited \u00fcbernimmt, soweit gesetzlich zul\u00e4ssig, keine Verantwortung f\u00fcr Informationen, die auf dieser Website ver\u00f6ffentlicht wurden und lehnt jegliche Haftung in Bezug auf solche Informationen ab. Owen Mumford Limited ist nicht haftbar f\u00fcr Verletzungen bzw. Personensch\u00e4den als Ergebnis tats\u00e4chlicher oder vorgegebener verleumderischer Behauptungen, Verletzungen von Rechten an geistigem Eigentum oder Datenschutzrechten, oder der Produkthaftung, ob fahrl\u00e4ssig oder durch sonstiges Verhalten verursacht, einschlie\u00dflich, aber ohne Beschr\u00e4nkung auf die Nutzung oder den betrieblichen Einsatz von Ideen, Anweisungen, Verfahren, Produkten oder Methoden, die in den auf dieser Website publizierten Materialien enthalten sind. Owen Mumford Limited \u00fcbernimmt keine Garantie f\u00fcr die Richtigkeit oder Fehlerfreiheit der auf dieser Website ver\u00f6ffentlichten Informationen. Die auf dieser Website ver\u00f6ffentlichten Informationen dienen ausschlie\u00dflich allgemeinen Informationszwecken. Die Informationen sind kein Ersatz f\u00fcr professionelle medizinische Beratung in Bezug auf eine bestimmte Erkrankung oder medizinische Fragestellung, noch sollten sie als solche herangezogen werden. Holen Sie bei Fragen zu m\u00f6glichen Erkrankungen oder Ihrem Gesundheitszustand IMMER \u00e4rztlichen Rat ein. Sie best\u00e4tigen, dass Sie der Anwendung englischen Rechts zur Kl\u00e4rung m\u00f6glicher Rechtsfragen zwischen Owen Mumford Limited und Ihnen zustimmen.<\/p>\n","protected":false},"excerpt":{"rendered":"<p>Haftungsausschluss Owen Mumford Limited \u00fcbernimmt, soweit gesetzlich zul\u00e4ssig, keine Verantwortung f\u00fcr Informationen, die auf dieser Website ver\u00f6ffentlicht wurden und lehnt jegliche Haftung in Bezug auf solche Informationen ab. Owen Mumford Limited ist nicht haftbar f\u00fcr Verletzungen bzw. Personensch\u00e4den als Ergebnis tats\u00e4chlicher oder vorgegebener verleumderischer Behauptungen, Verletzungen von Rechten an geistigem Eigentum oder Datenschutzrechten, oder der [&hellip;]<\/p>\n","protected":false},"author":16,"featured_media":0,"parent":0,"menu_order":0,"comment_status":"closed","ping_status":"closed","template":"","meta":{"footnotes":""},"class_list":["post-596","page","type-page","status-publish","hentry"],"yoast_head":"<!-- This site is optimized with the Yoast SEO plugin v27.4 - https:\/\/yoast.com\/product\/yoast-seo-wordpress\/ -->\n<title>Allgemeine Gesch\u00e4ftsbedingungen - Unifine SafeControl<\/title>\n<meta name=\"robots\" content=\"index, follow, max-snippet:-1, max-image-preview:large, max-video-preview:-1\" \/>\n<link rel=\"canonical\" href=\"https:\/\/unifinesafecontrol.com\/de\/allgemeine-geschaftsbedingungen\/\" \/>\n<meta property=\"og:locale\" content=\"de_DE\" \/>\n<meta property=\"og:type\" content=\"article\" \/>\n<meta property=\"og:title\" content=\"Allgemeine Gesch\u00e4ftsbedingungen - Unifine SafeControl\" \/>\n<meta property=\"og:description\" content=\"Haftungsausschluss Owen Mumford Limited \u00fcbernimmt, soweit gesetzlich zul\u00e4ssig, keine Verantwortung f\u00fcr Informationen, die auf dieser Website ver\u00f6ffentlicht wurden und lehnt jegliche Haftung in Bezug auf solche Informationen ab. Owen Mumford Limited ist nicht haftbar f\u00fcr Verletzungen bzw. Personensch\u00e4den als Ergebnis tats\u00e4chlicher oder vorgegebener verleumderischer Behauptungen, Verletzungen von Rechten an geistigem Eigentum oder Datenschutzrechten, oder der [&hellip;]\" \/>\n<meta property=\"og:url\" content=\"https:\/\/unifinesafecontrol.com\/de\/allgemeine-geschaftsbedingungen\/\" \/>\n<meta property=\"og:site_name\" content=\"Unifine SafeControl\" \/>\n<meta property=\"article:modified_time\" content=\"2023-01-26T09:24:32+00:00\" \/>\n<meta name=\"twitter:card\" content=\"summary_large_image\" \/>\n<meta name=\"twitter:label1\" content=\"Gesch\u00e4tzte Lesezeit\" \/>\n\t<meta name=\"twitter:data1\" content=\"1\u00a0Minute\" \/>\n<script type=\"application\/ld+json\" class=\"yoast-schema-graph\">{\"@context\":\"https:\\\/\\\/schema.org\",\"@graph\":[{\"@type\":\"WebPage\",\"@id\":\"https:\\\/\\\/unifinesafecontrol.com\\\/de\\\/allgemeine-geschaftsbedingungen\\\/\",\"url\":\"https:\\\/\\\/unifinesafecontrol.com\\\/de\\\/allgemeine-geschaftsbedingungen\\\/\",\"name\":\"Allgemeine Gesch\u00e4ftsbedingungen - Unifine SafeControl\",\"isPartOf\":{\"@id\":\"https:\\\/\\\/unifinesafecontrol.com\\\/#website\"},\"datePublished\":\"2023-01-26T09:03:19+00:00\",\"dateModified\":\"2023-01-26T09:24:32+00:00\",\"inLanguage\":\"de\",\"potentialAction\":[{\"@type\":\"ReadAction\",\"target\":[\"https:\\\/\\\/unifinesafecontrol.com\\\/de\\\/allgemeine-geschaftsbedingungen\\\/\"]}]},{\"@type\":\"WebSite\",\"@id\":\"https:\\\/\\\/unifinesafecontrol.com\\\/#website\",\"url\":\"https:\\\/\\\/unifinesafecontrol.com\\\/\",\"name\":\"Unifine SafeControl\",\"description\":\"An Owen Mumford Products site\",\"potentialAction\":[{\"@type\":\"SearchAction\",\"target\":{\"@type\":\"EntryPoint\",\"urlTemplate\":\"https:\\\/\\\/unifinesafecontrol.com\\\/?s={search_term_string}\"},\"query-input\":{\"@type\":\"PropertyValueSpecification\",\"valueRequired\":true,\"valueName\":\"search_term_string\"}}],\"inLanguage\":\"de\"}]}<\/script>\n<!-- \/ Yoast SEO plugin. -->","yoast_head_json":{"title":"Allgemeine Gesch\u00e4ftsbedingungen - Unifine SafeControl","robots":{"index":"index","follow":"follow","max-snippet":"max-snippet:-1","max-image-preview":"max-image-preview:large","max-video-preview":"max-video-preview:-1"},"canonical":"https:\/\/unifinesafecontrol.com\/de\/allgemeine-geschaftsbedingungen\/","og_locale":"de_DE","og_type":"article","og_title":"Allgemeine Gesch\u00e4ftsbedingungen - Unifine SafeControl","og_description":"Haftungsausschluss Owen Mumford Limited \u00fcbernimmt, soweit gesetzlich zul\u00e4ssig, keine Verantwortung f\u00fcr Informationen, die auf dieser Website ver\u00f6ffentlicht wurden und lehnt jegliche Haftung in Bezug auf solche Informationen ab. Owen Mumford Limited ist nicht haftbar f\u00fcr Verletzungen bzw. Personensch\u00e4den als Ergebnis tats\u00e4chlicher oder vorgegebener verleumderischer Behauptungen, Verletzungen von Rechten an geistigem Eigentum oder Datenschutzrechten, oder der [&hellip;]","og_url":"https:\/\/unifinesafecontrol.com\/de\/allgemeine-geschaftsbedingungen\/","og_site_name":"Unifine SafeControl","article_modified_time":"2023-01-26T09:24:32+00:00","twitter_card":"summary_large_image","twitter_misc":{"Gesch\u00e4tzte Lesezeit":"1\u00a0Minute"},"schema":{"@context":"https:\/\/schema.org","@graph":[{"@type":"WebPage","@id":"https:\/\/unifinesafecontrol.com\/de\/allgemeine-geschaftsbedingungen\/","url":"https:\/\/unifinesafecontrol.com\/de\/allgemeine-geschaftsbedingungen\/","name":"Allgemeine Gesch\u00e4ftsbedingungen - Unifine SafeControl","isPartOf":{"@id":"https:\/\/unifinesafecontrol.com\/#website"},"datePublished":"2023-01-26T09:03:19+00:00","dateModified":"2023-01-26T09:24:32+00:00","inLanguage":"de","potentialAction":[{"@type":"ReadAction","target":["https:\/\/unifinesafecontrol.com\/de\/allgemeine-geschaftsbedingungen\/"]}]},{"@type":"WebSite","@id":"https:\/\/unifinesafecontrol.com\/#website","url":"https:\/\/unifinesafecontrol.com\/","name":"Unifine SafeControl","description":"An Owen Mumford Products site","potentialAction":[{"@type":"SearchAction","target":{"@type":"EntryPoint","urlTemplate":"https:\/\/unifinesafecontrol.com\/?s={search_term_string}"},"query-input":{"@type":"PropertyValueSpecification","valueRequired":true,"valueName":"search_term_string"}}],"inLanguage":"de"}]}},"_links":{"self":[{"href":"https:\/\/unifinesafecontrol.com\/de\/wp-json\/wp\/v2\/pages\/596","targetHints":{"allow":["GET"]}}],"collection":[{"href":"https:\/\/unifinesafecontrol.com\/de\/wp-json\/wp\/v2\/pages"}],"about":[{"href":"https:\/\/unifinesafecontrol.com\/de\/wp-json\/wp\/v2\/types\/page"}],"author":[{"embeddable":true,"href":"https:\/\/unifinesafecontrol.com\/de\/wp-json\/wp\/v2\/users\/16"}],"replies":[{"embeddable":true,"href":"https:\/\/unifinesafecontrol.com\/de\/wp-json\/wp\/v2\/comments?post=596"}],"version-history":[{"count":1,"href":"https:\/\/unifinesafecontrol.com\/de\/wp-json\/wp\/v2\/pages\/596\/revisions"}],"predecessor-version":[{"id":621,"href":"https:\/\/unifinesafecontrol.com\/de\/wp-json\/wp\/v2\/pages\/596\/revisions\/621"}],"wp:attachment":[{"href":"https:\/\/unifinesafecontrol.com\/de\/wp-json\/wp\/v2\/media?parent=596"}],"curies":[{"name":"wp","href":"https:\/\/api.w.org\/{rel}","templated":true}]}}