{"id":597,"date":"2023-01-26T04:03:39","date_gmt":"2023-01-26T09:03:39","guid":{"rendered":"https:\/\/unifinesafecontrol.com\/gewahrleistung\/"},"modified":"2023-01-26T04:22:48","modified_gmt":"2023-01-26T09:22:48","slug":"gewahrleistung","status":"publish","type":"page","link":"https:\/\/unifinesafecontrol.com\/de\/gewahrleistung\/","title":{"rendered":"Gew\u00e4hrleistung"},"content":{"rendered":"<p>Gew\u00e4hrleistungsinformationen<\/p>\n<p>Diese Gew\u00e4hrleistung wird Ihnen als Kunde (\u201eSie\u201c) von Owen Mumford gew\u00e4hrt. N\u00e4here Angaben<br \/>\nzu Owen Mumford (\u201ewir\u201c oder \u201euns\u201c) sind auf der jeweiligen Produktverpackung zu finden. Die<br \/>\n\u00dcbertragung dieser Gew\u00e4hrleistung auf andere Personen ist nicht m\u00f6glich. Diese Gew\u00e4hrleistung<br \/>\ngilt zus\u00e4tzlich zu Ihren Rechten als Verbraucher oder K\u00e4ufer unter der Gesetzgebung Ihres Landes<br \/>\nund wirkt sich auf diese nicht aus.<\/p>\n<p>Diese Gew\u00e4hrleistung ist 12 Monate ab Kaufdatum g\u00fcltig (\u201eGew\u00e4hrleistungsfrist\u201c).<br \/>\nSollten Materialsch\u00e4den vorhanden sein oder w\u00e4hrend der Gew\u00e4hrleistungsfrist auftreten,<br \/>\nbenachrichtigen Sie uns bitte und beschreiben Sie den Mangel. Sie erhalten daraufhin ein Ersatzger\u00e4t<br \/>\nvon uns. Sofern die Gesetzgebung in Ihrem Land keine andere Regelung vorsieht, endet die<br \/>\nGew\u00e4hrleistungspflicht nach Bereitstellung des Ersatzger\u00e4tes.<\/p>\n<p>Wenn Sie Kontakt zu uns aufnehmen, fragen wir Sie m\u00f6glicherweise nach der Chargennummer des<br \/>\nGer\u00e4tes oder einer anderen Identifikation. Diese Informationen ben\u00f6tigen wir zur weiteren Untersuchung<br \/>\ndes Mangels. M\u00f6glicherweise fordern wir Sie zur Einsendung des Ger\u00e4tes auf. Grunds\u00e4tzlich kann ein<br \/>\nErsatzger\u00e4t nur bereitgestellt werden, wenn wir von Ihnen das schadhafte Ger\u00e4t erhalten.<br \/>\nDiese Gew\u00e4hrleistung gilt nicht, wenn der Schaden auf Folgendes zur\u00fcckzuf\u00fchren ist:<\/p>\n<ul>\n<li>\u00a0Abnutzung und Verschlei\u00df in normalem Umfang;<\/li>\n<li>Verladung, Lagerung oder Verwendung des Ger\u00e4tes entgegen unseren Anweisungen oder<br \/>\nunsachgem\u00e4\u00dfe Verladung, Lagerung oder Verwendung des Ger\u00e4tes; oder<\/li>\n<li>Besch\u00e4digung oder Funktionsuntauglichkeit aufgrund von Unf\u00e4llen oder \u00e4u\u00dferen Einfl\u00fcssen<br \/>\nau\u00dferhalb unserer Kontrolle.<\/li>\n<\/ul>\n","protected":false},"excerpt":{"rendered":"<p>Gew\u00e4hrleistungsinformationen Diese Gew\u00e4hrleistung wird Ihnen als Kunde (\u201eSie\u201c) von Owen Mumford gew\u00e4hrt. N\u00e4here Angaben zu Owen Mumford (\u201ewir\u201c oder \u201euns\u201c) sind auf der jeweiligen Produktverpackung zu finden. Die \u00dcbertragung dieser Gew\u00e4hrleistung auf andere Personen ist nicht m\u00f6glich. Diese Gew\u00e4hrleistung gilt zus\u00e4tzlich zu Ihren Rechten als Verbraucher oder K\u00e4ufer unter der Gesetzgebung Ihres Landes und wirkt [&hellip;]<\/p>\n","protected":false},"author":16,"featured_media":0,"parent":0,"menu_order":0,"comment_status":"closed","ping_status":"closed","template":"","meta":{"footnotes":""},"class_list":["post-597","page","type-page","status-publish","hentry"],"yoast_head":"<!-- This site is optimized with the Yoast SEO plugin v27.2 - https:\/\/yoast.com\/product\/yoast-seo-wordpress\/ -->\n<title>Gew\u00e4hrleistung - Unifine SafeControl<\/title>\n<meta name=\"robots\" content=\"index, follow, max-snippet:-1, max-image-preview:large, max-video-preview:-1\" \/>\n<link rel=\"canonical\" href=\"https:\/\/unifinesafecontrol.com\/de\/gewahrleistung\/\" \/>\n<meta property=\"og:locale\" content=\"de_DE\" \/>\n<meta property=\"og:type\" content=\"article\" \/>\n<meta property=\"og:title\" content=\"Gew\u00e4hrleistung - Unifine SafeControl\" \/>\n<meta property=\"og:description\" content=\"Gew\u00e4hrleistungsinformationen Diese Gew\u00e4hrleistung wird Ihnen als Kunde (\u201eSie\u201c) von Owen Mumford gew\u00e4hrt. N\u00e4here Angaben zu Owen Mumford (\u201ewir\u201c oder \u201euns\u201c) sind auf der jeweiligen Produktverpackung zu finden. Die \u00dcbertragung dieser Gew\u00e4hrleistung auf andere Personen ist nicht m\u00f6glich. Diese Gew\u00e4hrleistung gilt zus\u00e4tzlich zu Ihren Rechten als Verbraucher oder K\u00e4ufer unter der Gesetzgebung Ihres Landes und wirkt [&hellip;]\" \/>\n<meta property=\"og:url\" content=\"https:\/\/unifinesafecontrol.com\/de\/gewahrleistung\/\" \/>\n<meta property=\"og:site_name\" content=\"Unifine SafeControl\" \/>\n<meta property=\"article:modified_time\" content=\"2023-01-26T09:22:48+00:00\" \/>\n<meta name=\"twitter:card\" content=\"summary_large_image\" \/>\n<meta name=\"twitter:label1\" content=\"Gesch\u00e4tzte Lesezeit\" \/>\n\t<meta name=\"twitter:data1\" content=\"2\u00a0Minuten\" \/>\n<script type=\"application\/ld+json\" class=\"yoast-schema-graph\">{\"@context\":\"https:\/\/schema.org\",\"@graph\":[{\"@type\":\"WebPage\",\"@id\":\"https:\/\/unifinesafecontrol.com\/de\/gewahrleistung\/\",\"url\":\"https:\/\/unifinesafecontrol.com\/de\/gewahrleistung\/\",\"name\":\"Gew\u00e4hrleistung - Unifine SafeControl\",\"isPartOf\":{\"@id\":\"https:\/\/unifinesafecontrol.com\/#website\"},\"datePublished\":\"2023-01-26T09:03:39+00:00\",\"dateModified\":\"2023-01-26T09:22:48+00:00\",\"inLanguage\":\"de\",\"potentialAction\":[{\"@type\":\"ReadAction\",\"target\":[\"https:\/\/unifinesafecontrol.com\/de\/gewahrleistung\/\"]}]},{\"@type\":\"WebSite\",\"@id\":\"https:\/\/unifinesafecontrol.com\/#website\",\"url\":\"https:\/\/unifinesafecontrol.com\/\",\"name\":\"Unifine SafeControl\",\"description\":\"An Owen Mumford Products site\",\"potentialAction\":[{\"@type\":\"SearchAction\",\"target\":{\"@type\":\"EntryPoint\",\"urlTemplate\":\"https:\/\/unifinesafecontrol.com\/?s={search_term_string}\"},\"query-input\":{\"@type\":\"PropertyValueSpecification\",\"valueRequired\":true,\"valueName\":\"search_term_string\"}}],\"inLanguage\":\"de\"}]}<\/script>\n<!-- \/ Yoast SEO plugin. -->","yoast_head_json":{"title":"Gew\u00e4hrleistung - Unifine SafeControl","robots":{"index":"index","follow":"follow","max-snippet":"max-snippet:-1","max-image-preview":"max-image-preview:large","max-video-preview":"max-video-preview:-1"},"canonical":"https:\/\/unifinesafecontrol.com\/de\/gewahrleistung\/","og_locale":"de_DE","og_type":"article","og_title":"Gew\u00e4hrleistung - Unifine SafeControl","og_description":"Gew\u00e4hrleistungsinformationen Diese Gew\u00e4hrleistung wird Ihnen als Kunde (\u201eSie\u201c) von Owen Mumford gew\u00e4hrt. N\u00e4here Angaben zu Owen Mumford (\u201ewir\u201c oder \u201euns\u201c) sind auf der jeweiligen Produktverpackung zu finden. Die \u00dcbertragung dieser Gew\u00e4hrleistung auf andere Personen ist nicht m\u00f6glich. Diese Gew\u00e4hrleistung gilt zus\u00e4tzlich zu Ihren Rechten als Verbraucher oder K\u00e4ufer unter der Gesetzgebung Ihres Landes und wirkt [&hellip;]","og_url":"https:\/\/unifinesafecontrol.com\/de\/gewahrleistung\/","og_site_name":"Unifine SafeControl","article_modified_time":"2023-01-26T09:22:48+00:00","twitter_card":"summary_large_image","twitter_misc":{"Gesch\u00e4tzte Lesezeit":"2\u00a0Minuten"},"schema":{"@context":"https:\/\/schema.org","@graph":[{"@type":"WebPage","@id":"https:\/\/unifinesafecontrol.com\/de\/gewahrleistung\/","url":"https:\/\/unifinesafecontrol.com\/de\/gewahrleistung\/","name":"Gew\u00e4hrleistung - Unifine SafeControl","isPartOf":{"@id":"https:\/\/unifinesafecontrol.com\/#website"},"datePublished":"2023-01-26T09:03:39+00:00","dateModified":"2023-01-26T09:22:48+00:00","inLanguage":"de","potentialAction":[{"@type":"ReadAction","target":["https:\/\/unifinesafecontrol.com\/de\/gewahrleistung\/"]}]},{"@type":"WebSite","@id":"https:\/\/unifinesafecontrol.com\/#website","url":"https:\/\/unifinesafecontrol.com\/","name":"Unifine SafeControl","description":"An Owen Mumford Products site","potentialAction":[{"@type":"SearchAction","target":{"@type":"EntryPoint","urlTemplate":"https:\/\/unifinesafecontrol.com\/?s={search_term_string}"},"query-input":{"@type":"PropertyValueSpecification","valueRequired":true,"valueName":"search_term_string"}}],"inLanguage":"de"}]}},"_links":{"self":[{"href":"https:\/\/unifinesafecontrol.com\/de\/wp-json\/wp\/v2\/pages\/597","targetHints":{"allow":["GET"]}}],"collection":[{"href":"https:\/\/unifinesafecontrol.com\/de\/wp-json\/wp\/v2\/pages"}],"about":[{"href":"https:\/\/unifinesafecontrol.com\/de\/wp-json\/wp\/v2\/types\/page"}],"author":[{"embeddable":true,"href":"https:\/\/unifinesafecontrol.com\/de\/wp-json\/wp\/v2\/users\/16"}],"replies":[{"embeddable":true,"href":"https:\/\/unifinesafecontrol.com\/de\/wp-json\/wp\/v2\/comments?post=597"}],"version-history":[{"count":1,"href":"https:\/\/unifinesafecontrol.com\/de\/wp-json\/wp\/v2\/pages\/597\/revisions"}],"predecessor-version":[{"id":616,"href":"https:\/\/unifinesafecontrol.com\/de\/wp-json\/wp\/v2\/pages\/597\/revisions\/616"}],"wp:attachment":[{"href":"https:\/\/unifinesafecontrol.com\/de\/wp-json\/wp\/v2\/media?parent=597"}],"curies":[{"name":"wp","href":"https:\/\/api.w.org\/{rel}","templated":true}]}}