{"id":455,"date":"2022-06-13T08:54:14","date_gmt":"2022-06-13T12:54:14","guid":{"rendered":"https:\/\/unifinesafecontrol.com\/medical-disclaimer-2\/"},"modified":"2022-06-13T10:12:47","modified_gmt":"2022-06-13T14:12:47","slug":"desengagement-de-responsabilite-medicale","status":"publish","type":"page","link":"https:\/\/unifinesafecontrol.com\/fr\/desengagement-de-responsabilite-medicale\/","title":{"rendered":"D\u00e9sengagement de responsabilit\u00e9 m\u00e9dicale"},"content":{"rendered":"<p>Ce site Web n\u2019est pas destin\u00e9 \u00e0 \u00eatre utilis\u00e9 pour effectuer des diagnostics, administrer des traitements, prescrire des m\u00e9dicaments ni faire des demandes de tests. Les informations contenues sont fournies en tant que service informatif, pouvant vous \u00eatre utile dans vos recherches personnelles ou pour la surveillance d\u2019une maladie particuli\u00e8re.<\/p>\n<p>Les outils disponibles sur ce site Web sont fournis pour vous aider \u00e0 surveiller votre \u00e9tat de sant\u00e9 et fournir aux professionnels de sant\u00e9 avec lesquels vous \u00eates en contact des informations utiles quant \u00e0 la gestion autonome de votre maladie.<\/p>\n<p><strong>Remarque importante\u00a0:<\/strong>\u00a0le contenu de ce site Web ne saurait se substituer aux conseils des professionnels de la sant\u00e9, ni aux diagnostics ou aux traitements. Ne n\u00e9gligez pas les conseils de votre m\u00e9decin et ne retardez pas une consultation en raison de quelque chose que vous pourriez avoir lu sur ce site Web.<\/p>\n","protected":false},"excerpt":{"rendered":"<p>Ce site Web n\u2019est pas destin\u00e9 \u00e0 \u00eatre utilis\u00e9 pour effectuer des diagnostics, administrer des traitements, prescrire des m\u00e9dicaments ni faire des demandes de tests. Les informations contenues sont fournies en tant que service informatif, pouvant vous \u00eatre utile dans vos recherches personnelles ou pour la surveillance d\u2019une maladie particuli\u00e8re. Les outils disponibles sur ce [&hellip;]<\/p>\n","protected":false},"author":16,"featured_media":0,"parent":0,"menu_order":0,"comment_status":"closed","ping_status":"closed","template":"","meta":{"footnotes":""},"class_list":["post-455","page","type-page","status-publish","hentry"],"yoast_head":"<!-- This site is optimized with the Yoast SEO plugin v27.4 - https:\/\/yoast.com\/product\/yoast-seo-wordpress\/ -->\n<title>D\u00e9sengagement de responsabilit\u00e9 m\u00e9dicale - Unifine SafeControl<\/title>\n<meta name=\"robots\" content=\"index, follow, max-snippet:-1, max-image-preview:large, max-video-preview:-1\" \/>\n<link rel=\"canonical\" href=\"https:\/\/unifinesafecontrol.com\/fr\/desengagement-de-responsabilite-medicale\/\" \/>\n<meta property=\"og:locale\" content=\"fr_FR\" \/>\n<meta property=\"og:type\" content=\"article\" \/>\n<meta property=\"og:title\" content=\"D\u00e9sengagement de responsabilit\u00e9 m\u00e9dicale - Unifine SafeControl\" \/>\n<meta property=\"og:description\" content=\"Ce site Web n\u2019est pas destin\u00e9 \u00e0 \u00eatre utilis\u00e9 pour effectuer des diagnostics, administrer des traitements, prescrire des m\u00e9dicaments ni faire des demandes de tests. Les informations contenues sont fournies en tant que service informatif, pouvant vous \u00eatre utile dans vos recherches personnelles ou pour la surveillance d\u2019une maladie particuli\u00e8re. Les outils disponibles sur ce [&hellip;]\" \/>\n<meta property=\"og:url\" content=\"https:\/\/unifinesafecontrol.com\/fr\/desengagement-de-responsabilite-medicale\/\" \/>\n<meta property=\"og:site_name\" content=\"Unifine SafeControl\" \/>\n<meta property=\"article:modified_time\" content=\"2022-06-13T14:12:47+00:00\" \/>\n<meta name=\"twitter:card\" content=\"summary_large_image\" \/>\n<meta name=\"twitter:label1\" content=\"Dur\u00e9e de lecture estim\u00e9e\" \/>\n\t<meta name=\"twitter:data1\" content=\"1 minute\" \/>\n<script type=\"application\/ld+json\" class=\"yoast-schema-graph\">{\"@context\":\"https:\\\/\\\/schema.org\",\"@graph\":[{\"@type\":\"WebPage\",\"@id\":\"https:\\\/\\\/unifinesafecontrol.com\\\/fr\\\/desengagement-de-responsabilite-medicale\\\/\",\"url\":\"https:\\\/\\\/unifinesafecontrol.com\\\/fr\\\/desengagement-de-responsabilite-medicale\\\/\",\"name\":\"D\u00e9sengagement de responsabilit\u00e9 m\u00e9dicale - Unifine SafeControl\",\"isPartOf\":{\"@id\":\"https:\\\/\\\/unifinesafecontrol.com\\\/#website\"},\"datePublished\":\"2022-06-13T12:54:14+00:00\",\"dateModified\":\"2022-06-13T14:12:47+00:00\",\"inLanguage\":\"fr-FR\",\"potentialAction\":[{\"@type\":\"ReadAction\",\"target\":[\"https:\\\/\\\/unifinesafecontrol.com\\\/fr\\\/desengagement-de-responsabilite-medicale\\\/\"]}]},{\"@type\":\"WebSite\",\"@id\":\"https:\\\/\\\/unifinesafecontrol.com\\\/#website\",\"url\":\"https:\\\/\\\/unifinesafecontrol.com\\\/\",\"name\":\"Unifine SafeControl\",\"description\":\"An Owen Mumford Products site\",\"potentialAction\":[{\"@type\":\"SearchAction\",\"target\":{\"@type\":\"EntryPoint\",\"urlTemplate\":\"https:\\\/\\\/unifinesafecontrol.com\\\/?s={search_term_string}\"},\"query-input\":{\"@type\":\"PropertyValueSpecification\",\"valueRequired\":true,\"valueName\":\"search_term_string\"}}],\"inLanguage\":\"fr-FR\"}]}<\/script>\n<!-- \/ Yoast SEO plugin. -->","yoast_head_json":{"title":"D\u00e9sengagement de responsabilit\u00e9 m\u00e9dicale - Unifine SafeControl","robots":{"index":"index","follow":"follow","max-snippet":"max-snippet:-1","max-image-preview":"max-image-preview:large","max-video-preview":"max-video-preview:-1"},"canonical":"https:\/\/unifinesafecontrol.com\/fr\/desengagement-de-responsabilite-medicale\/","og_locale":"fr_FR","og_type":"article","og_title":"D\u00e9sengagement de responsabilit\u00e9 m\u00e9dicale - Unifine SafeControl","og_description":"Ce site Web n\u2019est pas destin\u00e9 \u00e0 \u00eatre utilis\u00e9 pour effectuer des diagnostics, administrer des traitements, prescrire des m\u00e9dicaments ni faire des demandes de tests. Les informations contenues sont fournies en tant que service informatif, pouvant vous \u00eatre utile dans vos recherches personnelles ou pour la surveillance d\u2019une maladie particuli\u00e8re. Les outils disponibles sur ce [&hellip;]","og_url":"https:\/\/unifinesafecontrol.com\/fr\/desengagement-de-responsabilite-medicale\/","og_site_name":"Unifine SafeControl","article_modified_time":"2022-06-13T14:12:47+00:00","twitter_card":"summary_large_image","twitter_misc":{"Dur\u00e9e de lecture estim\u00e9e":"1 minute"},"schema":{"@context":"https:\/\/schema.org","@graph":[{"@type":"WebPage","@id":"https:\/\/unifinesafecontrol.com\/fr\/desengagement-de-responsabilite-medicale\/","url":"https:\/\/unifinesafecontrol.com\/fr\/desengagement-de-responsabilite-medicale\/","name":"D\u00e9sengagement de responsabilit\u00e9 m\u00e9dicale - Unifine SafeControl","isPartOf":{"@id":"https:\/\/unifinesafecontrol.com\/#website"},"datePublished":"2022-06-13T12:54:14+00:00","dateModified":"2022-06-13T14:12:47+00:00","inLanguage":"fr-FR","potentialAction":[{"@type":"ReadAction","target":["https:\/\/unifinesafecontrol.com\/fr\/desengagement-de-responsabilite-medicale\/"]}]},{"@type":"WebSite","@id":"https:\/\/unifinesafecontrol.com\/#website","url":"https:\/\/unifinesafecontrol.com\/","name":"Unifine SafeControl","description":"An Owen Mumford Products site","potentialAction":[{"@type":"SearchAction","target":{"@type":"EntryPoint","urlTemplate":"https:\/\/unifinesafecontrol.com\/?s={search_term_string}"},"query-input":{"@type":"PropertyValueSpecification","valueRequired":true,"valueName":"search_term_string"}}],"inLanguage":"fr-FR"}]}},"_links":{"self":[{"href":"https:\/\/unifinesafecontrol.com\/fr\/wp-json\/wp\/v2\/pages\/455","targetHints":{"allow":["GET"]}}],"collection":[{"href":"https:\/\/unifinesafecontrol.com\/fr\/wp-json\/wp\/v2\/pages"}],"about":[{"href":"https:\/\/unifinesafecontrol.com\/fr\/wp-json\/wp\/v2\/types\/page"}],"author":[{"embeddable":true,"href":"https:\/\/unifinesafecontrol.com\/fr\/wp-json\/wp\/v2\/users\/16"}],"replies":[{"embeddable":true,"href":"https:\/\/unifinesafecontrol.com\/fr\/wp-json\/wp\/v2\/comments?post=455"}],"version-history":[{"count":1,"href":"https:\/\/unifinesafecontrol.com\/fr\/wp-json\/wp\/v2\/pages\/455\/revisions"}],"predecessor-version":[{"id":484,"href":"https:\/\/unifinesafecontrol.com\/fr\/wp-json\/wp\/v2\/pages\/455\/revisions\/484"}],"wp:attachment":[{"href":"https:\/\/unifinesafecontrol.com\/fr\/wp-json\/wp\/v2\/media?parent=455"}],"curies":[{"name":"wp","href":"https:\/\/api.w.org\/{rel}","templated":true}]}}