{"id":456,"date":"2022-06-13T08:54:33","date_gmt":"2022-06-13T12:54:33","guid":{"rendered":"https:\/\/unifinesafecontrol.com\/terms-and-conditions-2\/"},"modified":"2022-06-13T10:13:21","modified_gmt":"2022-06-13T14:13:21","slug":"conditions-generales","status":"publish","type":"page","link":"https:\/\/unifinesafecontrol.com\/fr\/conditions-generales\/","title":{"rendered":"Conditions g\u00e9n\u00e9rales"},"content":{"rendered":"<h2>Limitations de responsabilit\u00e9<\/h2>\n<p>Owen Mumford Limited d\u00e9cline, dans les limites autoris\u00e9es par la loi, toute responsabilit\u00e9 pour les informations publi\u00e9es sur ce site. La soci\u00e9t\u00e9 Owen Mumford Limited ne pourra \u00eatre tenue responsable des blessures et\/ou dommages sur des personnes ou des biens r\u00e9sultant de propos diffamatoires r\u00e9els ou suppos\u00e9s, de violations des droits de propri\u00e9t\u00e9 intellectuelle ou de confidentialit\u00e9. Elle d\u00e9cline toute responsabilit\u00e9 en cas de blessures et\/ou dommages associ\u00e9s aux produits, qu\u2019ils soient le r\u00e9sultat d\u2019une n\u00e9gligence ou autre, y compris et sans limite, de toute utilisation ou mise en \u0153uvre d\u2019id\u00e9es, instructions, proc\u00e9dures, produits ou m\u00e9thodes publi\u00e9s sur ce site. Owen Mumford Limited n\u2019offre aucune garantie quant \u00e0 la pr\u00e9cision ou \u00e0 l\u2019exactitude des informations publi\u00e9es sur ce site. Ces informations ont pour seul but de fournir des renseignements d\u2019ordre g\u00e9n\u00e9ral. Elles n\u2019ont pas vocation \u00e0 remplacer (et ne doivent en aucun cas remplacer) un avis m\u00e9dical professionnel relatif \u00e0 un probl\u00e8me ou une question m\u00e9dical(e) sp\u00e9cifique. Vous devez TOUJOURS consulter un m\u00e9decin en cas de questions relatives \u00e0 un probl\u00e8me m\u00e9dical. Vous acceptez de vous soumettre \u00e0 la loi anglaise en cas de litige entre Owen Mumford Limited et vous-m\u00eame.<\/p>\n","protected":false},"excerpt":{"rendered":"<p>Limitations de responsabilit\u00e9 Owen Mumford Limited d\u00e9cline, dans les limites autoris\u00e9es par la loi, toute responsabilit\u00e9 pour les informations publi\u00e9es sur ce site. La soci\u00e9t\u00e9 Owen Mumford Limited ne pourra \u00eatre tenue responsable des blessures et\/ou dommages sur des personnes ou des biens r\u00e9sultant de propos diffamatoires r\u00e9els ou suppos\u00e9s, de violations des droits de [&hellip;]<\/p>\n","protected":false},"author":16,"featured_media":0,"parent":0,"menu_order":0,"comment_status":"closed","ping_status":"closed","template":"","meta":{"footnotes":""},"class_list":["post-456","page","type-page","status-publish","hentry"],"yoast_head":"<!-- This site is optimized with the Yoast SEO plugin v27.4 - https:\/\/yoast.com\/product\/yoast-seo-wordpress\/ -->\n<title>Conditions g\u00e9n\u00e9rales - Unifine SafeControl<\/title>\n<meta name=\"robots\" content=\"index, follow, max-snippet:-1, max-image-preview:large, max-video-preview:-1\" \/>\n<link rel=\"canonical\" href=\"https:\/\/unifinesafecontrol.com\/fr\/conditions-generales\/\" \/>\n<meta property=\"og:locale\" content=\"fr_FR\" \/>\n<meta property=\"og:type\" content=\"article\" \/>\n<meta property=\"og:title\" content=\"Conditions g\u00e9n\u00e9rales - Unifine SafeControl\" \/>\n<meta property=\"og:description\" content=\"Limitations de responsabilit\u00e9 Owen Mumford Limited d\u00e9cline, dans les limites autoris\u00e9es par la loi, toute responsabilit\u00e9 pour les informations publi\u00e9es sur ce site. La soci\u00e9t\u00e9 Owen Mumford Limited ne pourra \u00eatre tenue responsable des blessures et\/ou dommages sur des personnes ou des biens r\u00e9sultant de propos diffamatoires r\u00e9els ou suppos\u00e9s, de violations des droits de [&hellip;]\" \/>\n<meta property=\"og:url\" content=\"https:\/\/unifinesafecontrol.com\/fr\/conditions-generales\/\" \/>\n<meta property=\"og:site_name\" content=\"Unifine SafeControl\" \/>\n<meta property=\"article:modified_time\" content=\"2022-06-13T14:13:21+00:00\" \/>\n<meta name=\"twitter:card\" content=\"summary_large_image\" \/>\n<meta name=\"twitter:label1\" content=\"Dur\u00e9e de lecture estim\u00e9e\" \/>\n\t<meta name=\"twitter:data1\" content=\"1 minute\" \/>\n<script type=\"application\/ld+json\" class=\"yoast-schema-graph\">{\"@context\":\"https:\\\/\\\/schema.org\",\"@graph\":[{\"@type\":\"WebPage\",\"@id\":\"https:\\\/\\\/unifinesafecontrol.com\\\/fr\\\/conditions-generales\\\/\",\"url\":\"https:\\\/\\\/unifinesafecontrol.com\\\/fr\\\/conditions-generales\\\/\",\"name\":\"Conditions g\u00e9n\u00e9rales - Unifine SafeControl\",\"isPartOf\":{\"@id\":\"https:\\\/\\\/unifinesafecontrol.com\\\/#website\"},\"datePublished\":\"2022-06-13T12:54:33+00:00\",\"dateModified\":\"2022-06-13T14:13:21+00:00\",\"inLanguage\":\"fr-FR\",\"potentialAction\":[{\"@type\":\"ReadAction\",\"target\":[\"https:\\\/\\\/unifinesafecontrol.com\\\/fr\\\/conditions-generales\\\/\"]}]},{\"@type\":\"WebSite\",\"@id\":\"https:\\\/\\\/unifinesafecontrol.com\\\/#website\",\"url\":\"https:\\\/\\\/unifinesafecontrol.com\\\/\",\"name\":\"Unifine SafeControl\",\"description\":\"An Owen Mumford Products site\",\"potentialAction\":[{\"@type\":\"SearchAction\",\"target\":{\"@type\":\"EntryPoint\",\"urlTemplate\":\"https:\\\/\\\/unifinesafecontrol.com\\\/?s={search_term_string}\"},\"query-input\":{\"@type\":\"PropertyValueSpecification\",\"valueRequired\":true,\"valueName\":\"search_term_string\"}}],\"inLanguage\":\"fr-FR\"}]}<\/script>\n<!-- \/ Yoast SEO plugin. -->","yoast_head_json":{"title":"Conditions g\u00e9n\u00e9rales - Unifine SafeControl","robots":{"index":"index","follow":"follow","max-snippet":"max-snippet:-1","max-image-preview":"max-image-preview:large","max-video-preview":"max-video-preview:-1"},"canonical":"https:\/\/unifinesafecontrol.com\/fr\/conditions-generales\/","og_locale":"fr_FR","og_type":"article","og_title":"Conditions g\u00e9n\u00e9rales - Unifine SafeControl","og_description":"Limitations de responsabilit\u00e9 Owen Mumford Limited d\u00e9cline, dans les limites autoris\u00e9es par la loi, toute responsabilit\u00e9 pour les informations publi\u00e9es sur ce site. La soci\u00e9t\u00e9 Owen Mumford Limited ne pourra \u00eatre tenue responsable des blessures et\/ou dommages sur des personnes ou des biens r\u00e9sultant de propos diffamatoires r\u00e9els ou suppos\u00e9s, de violations des droits de [&hellip;]","og_url":"https:\/\/unifinesafecontrol.com\/fr\/conditions-generales\/","og_site_name":"Unifine SafeControl","article_modified_time":"2022-06-13T14:13:21+00:00","twitter_card":"summary_large_image","twitter_misc":{"Dur\u00e9e de lecture estim\u00e9e":"1 minute"},"schema":{"@context":"https:\/\/schema.org","@graph":[{"@type":"WebPage","@id":"https:\/\/unifinesafecontrol.com\/fr\/conditions-generales\/","url":"https:\/\/unifinesafecontrol.com\/fr\/conditions-generales\/","name":"Conditions g\u00e9n\u00e9rales - Unifine SafeControl","isPartOf":{"@id":"https:\/\/unifinesafecontrol.com\/#website"},"datePublished":"2022-06-13T12:54:33+00:00","dateModified":"2022-06-13T14:13:21+00:00","inLanguage":"fr-FR","potentialAction":[{"@type":"ReadAction","target":["https:\/\/unifinesafecontrol.com\/fr\/conditions-generales\/"]}]},{"@type":"WebSite","@id":"https:\/\/unifinesafecontrol.com\/#website","url":"https:\/\/unifinesafecontrol.com\/","name":"Unifine SafeControl","description":"An Owen Mumford Products site","potentialAction":[{"@type":"SearchAction","target":{"@type":"EntryPoint","urlTemplate":"https:\/\/unifinesafecontrol.com\/?s={search_term_string}"},"query-input":{"@type":"PropertyValueSpecification","valueRequired":true,"valueName":"search_term_string"}}],"inLanguage":"fr-FR"}]}},"_links":{"self":[{"href":"https:\/\/unifinesafecontrol.com\/fr\/wp-json\/wp\/v2\/pages\/456","targetHints":{"allow":["GET"]}}],"collection":[{"href":"https:\/\/unifinesafecontrol.com\/fr\/wp-json\/wp\/v2\/pages"}],"about":[{"href":"https:\/\/unifinesafecontrol.com\/fr\/wp-json\/wp\/v2\/types\/page"}],"author":[{"embeddable":true,"href":"https:\/\/unifinesafecontrol.com\/fr\/wp-json\/wp\/v2\/users\/16"}],"replies":[{"embeddable":true,"href":"https:\/\/unifinesafecontrol.com\/fr\/wp-json\/wp\/v2\/comments?post=456"}],"version-history":[{"count":1,"href":"https:\/\/unifinesafecontrol.com\/fr\/wp-json\/wp\/v2\/pages\/456\/revisions"}],"predecessor-version":[{"id":485,"href":"https:\/\/unifinesafecontrol.com\/fr\/wp-json\/wp\/v2\/pages\/456\/revisions\/485"}],"wp:attachment":[{"href":"https:\/\/unifinesafecontrol.com\/fr\/wp-json\/wp\/v2\/media?parent=456"}],"curies":[{"name":"wp","href":"https:\/\/api.w.org\/{rel}","templated":true}]}}