{"id":458,"date":"2022-06-13T08:55:53","date_gmt":"2022-06-13T12:55:53","guid":{"rendered":"https:\/\/unifinesafecontrol.com\/cookie-policy-2\/"},"modified":"2022-06-13T10:15:34","modified_gmt":"2022-06-13T14:15:34","slug":"politique-en-matiere-de-cookies","status":"publish","type":"page","link":"https:\/\/unifinesafecontrol.com\/fr\/politique-en-matiere-de-cookies\/","title":{"rendered":"Politique en mati\u00e8re de cookies"},"content":{"rendered":"<h2>Politique en mati\u00e8re de Cookies<\/h2>\n<p>Les cookies sont des petits fichiers texte install\u00e9s sur votre ordinateur par les sites Web que vous visitez. Ils sont largement utilis\u00e9s pour faire fonctionner les sites Web, ou am\u00e9liorer leur efficacit\u00e9, ainsi que pour fournir des informations aux propri\u00e9taires des sites.<\/p>\n<p>Ces cookies sont utilis\u00e9s pour recueillir des informations concernant la fa\u00e7on dont les visiteurs utilisent notre site \u00e0 l\u02bcadresse\u00a0<a href=\"https:\/\/www.unifinesafecontrol.com\/fr\/\">https:\/\/www.unifinesafecontrol.com\/fr\/<\/a>\u00a0(le \u00ab\u00a0<strong>site Web<\/strong>\u00a0\u00bb). Nous utilisons ces informations pour produire des rapports et nous permettre d\u2019am\u00e9liorer notre Site Web.<\/p>\n<p>Nous utilisons les cookies suivants\u00a0:<\/p>\n<p><strong>Cookies strictement n\u00e9cessaires<\/strong>. Ces cookies sont requis pour le fonctionnement de du Site Web. Ils incluent, par exemple, les cookies vous permettant de vous connecter \u00e0 des zones s\u00e9curis\u00e9es de notre Site Web.<\/p>\n<p><strong>Cookies d\u02bcanalyse\/performances<\/strong>. Ils nous permettent de reconna\u00eetre et de compter le nombre de visiteurs et de voir comment les visiteurs se d\u00e9placent sur notre Site Web lorsqu\u2019ils l\u2019utilisent. Cela nous aide \u00e0 am\u00e9liorer la fa\u00e7on dont notre Site Web fonctionne, par exemple, en nous assurant que les utilisateurs trouvent facilement ce qu\u2019ils recherchent.<\/p>\n<p><strong>Cookies de fonctionnalit\u00e9<\/strong>. Ils servent \u00e0 vous reconna\u00eetre lorsque vous revenez sur notre Site Web. Cela nous permet de personnaliser notre contenu pour vous, de vous accueillir via votre nom et de m\u00e9moriser vos pr\u00e9f\u00e9rences (par exemple, votre choix de langue ou de r\u00e9gion).<\/p>\n<p><strong>Cookies de ciblage<\/strong>. Ces cookies enregistrent votre visite sur notre Site Web, les pages que vous avez visit\u00e9es et les liens que vous avez suivis. Nous utiliserons ces informations pour faire en sorte que le Site Web et les publicit\u00e9s qui y sont affich\u00e9es soient plus adapt\u00e9s \u00e0 vos centres d\u2019int\u00e9r\u00eat. Nous pouvons \u00e9galement partager ces informations avec des tiers \u00e0 cette fin.<\/p>\n<p><strong><u>Les Cookies utilis\u00e9s par notre Site Web<\/u><\/strong><\/p>\n<p>Vous pouvez trouver plus d\u2019informations concernant les cookies individuels que nous utilisons et les buts pour lesquels nous y recourons dans le tableau ci-apr\u00e8s\u00a0:<\/p>\n<table>\n<tbody>\n<tr>\n<td width=\"344\"><strong>Nom du cookie<\/strong><\/td>\n<td width=\"344\"><strong>Objectif<\/strong><\/td>\n<\/tr>\n<tr>\n<td width=\"344\"><strong>Politique accept\u00e9e en mati\u00e8re de cookie<\/strong><\/td>\n<td width=\"344\">Il s\u2019agit d\u2019un cookie de fonctionnalit\u00e9 cr\u00e9\u00e9 lorsque vous fermez la messagerie de politique en mati\u00e8re de cookie, de sorte que la messagerie ne s\u2019affiche plus pour vous lors de vos visites ult\u00e9rieures sur le Site Web.<\/td>\n<\/tr>\n<tr>\n<td width=\"344\"><strong>Professionnels de sant\u00e9 (site Web en fran\u00e7ais uniquement)<\/strong><\/td>\n<td width=\"344\">Il s\u2019agit d\u2019un cookie fonctionnel cr\u00e9\u00e9 uniquement dans la version fran\u00e7aise du site, lorsqu\u2019un message contextuel demande si vous \u00eates ou non un Professionnel de Sant\u00e9. En\u00a0fonction de votre r\u00e9ponse, vous obtiendrez l\u2019affichage du contenu des professionnels de sant\u00e9 sur le site ou cette section sera cach\u00e9e de sorte que vous ne pourrez n\u2019acc\u00e9der qu\u2019aux types de patients.<\/td>\n<\/tr>\n<tr>\n<td width=\"344\"><strong>Google Analytics<\/strong><\/td>\n<td width=\"344\">Il s\u2019agit d\u2019un cookie analytique\/ de performance. Le Site Web utilise Google Analytics pour permettre d\u2019analyser comment les utilisateurs se servent du Site Web, en recueillant les informations du journal d\u2019Internet standard ainsi que les informations concernant le comportement du visiteur sous une forme<strong>\u00a0rendue anonyme<\/strong>\u00a0\u00e0 partir de laquelle aucun utilisateur n\u2019est identifiable. Les donn\u00e9es g\u00e9n\u00e9r\u00e9es par les cookies concernant votre utilisation du Site Web (y compris votre adresse IP) seront transmises et stock\u00e9es par Google sur des serveurs situ\u00e9s aux \u00c9tats-Unis. Google utilisera ces informations aux fins d\u2019\u00e9valuation de votre utilisation du Site Web, en compilant des rapports sur votre activit\u00e9 sur le Site Web destin\u00e9s aux op\u00e9rateurs du site et en fournissant d\u2019autres services li\u00e9s aux activit\u00e9s du site et \u00e0 l\u2019utilisation d\u2019Internet. Google est susceptible de communiquer ces donn\u00e9es \u00e0 des tiers dans la mesure o\u00f9 la loi l\u2019exige ou lorsque ces tiers traitent ces donn\u00e9es pour le compte de Google. Google ne recoupera pas votre adresse IP avec toute autre donn\u00e9e d\u00e9tenue par Google. Google fournit un module compl\u00e9mentaire du navigateur aux utilisateurs qui souhaitent \u00e9viter que leurs donn\u00e9es soient utilis\u00e9es par Google Analytics.\u00a0<a href=\"http:\/\/www.google.co.uk\/intl\/en\/analytics\/privacyoverview.html\">Cliquez ici<\/a>\u00a0pour conna\u00eetre la politique de confidentialit\u00e9 de Google, et\u00a0<a href=\"https:\/\/tools.google.com\/dlpage\/gaoptout\/\">cliquez ici<\/a>\u00a0si vous ne souhaitez pas participer aux activit\u00e9s de Google Analytics.<\/td>\n<\/tr>\n<tr>\n<td width=\"344\"><strong>Cookies externes<\/strong><\/td>\n<td width=\"344\">Certains sites externes utilisent des cookies tout en visitant le site d\u2019Owen Mumford, ils n\u2019ont donc pas \u00e9t\u00e9 install\u00e9s par Owen Mumford, mais par des services externes pour fournir une meilleure exp\u00e9rience en ligne. Ces services et ces cookies externes sont pr\u00e9sent\u00e9s en d\u00e9tails ci-dessous.<\/td>\n<\/tr>\n<tr>\n<td width=\"344\"><strong>YouTube\/Google<\/strong><\/td>\n<td width=\"344\">Les cookies d\u00e9finis dans votre navigateur par YouTube\/Google sont accessibles lors de l\u2019affichage d\u2019une des vid\u00e9os de YouTube int\u00e9gr\u00e9es au Site Web. Ils servent \u00e0 acc\u00e9der aux informations de votre compte Google de sorte que ce contenu puisse \u00eatre personnalis\u00e9 ou enregistr\u00e9 dans l\u2019historique de votre compte lors de la visualisation de la vid\u00e9o.<\/td>\n<\/tr>\n<tr>\n<td width=\"344\"><strong>Commentaires sur Disqus<\/strong><\/td>\n<td width=\"344\">Les cookies, d\u00e9finis sur votre navigateur par Disqus, sont utilis\u00e9s pour enregistrer vos informations de commentaires sur Disqus, de sorte que si vous \u00eates d\u00e9j\u00e0 connect\u00e9 \u00e0 Disqus, vous pouvez poster un commentaire sans devoir vous reconnecter.<\/td>\n<\/tr>\n<tr>\n<td width=\"344\"><strong>Whoisvisiting.com<\/strong><\/td>\n<td width=\"344\">Identifie les entreprises visitant le Site Web \u00e0 l\u2019aide des adresses IP de nos visiteurs. Si votre adresse IP correspond \u00e0 l\u2019une de celles li\u00e9es \u00e0 une entreprise, votre visite est alors enregistr\u00e9e comme une visite provenant de votre entreprise. Cela nous permet de mieux analyser le trafic des visiteurs sur notre Site Web sur une base d\u2019entreprise \u00e0 entreprise, et nous donne la possibilit\u00e9 de fournir une exp\u00e9rience globale am\u00e9lior\u00e9e pour vous et votre entreprise.<\/td>\n<\/tr>\n<\/tbody>\n<\/table>\n<p>En utilisant le Site Web, vous acceptez l\u02bcutilisation par nos soins de ces cookies.<\/p>\n<p>Veuillez noter que les tierces parties (incluant, par exemple, les r\u00e9seaux publicitaires et les fournisseurs de services externes comme les services d\u2019analyse de trafic Web) peuvent \u00e9galement utiliser des cookies, sur lesquels nous n\u2019avons aucun contr\u00f4le. Ces cookies correspondent probablement \u00e0 des cookies analytiques\/performance ou \u00e0 des cookies de ciblage.<\/p>\n<p><strong><u>Blocage des cookies<\/u><\/strong><\/p>\n<p>Vous pouvez bloquer les cookies en activant les param\u00e8tres de votre navigateur qui vous permettent de refuser l\u2019installation de l\u02bcint\u00e9gralit\u00e9 ou d\u2019une partie des cookies. Si vous choisissez de bloquer tous les cookies (y compris les cookies essentiels), vous risquez de ne pas pouvoir acc\u00e9der \u00e0 tout ou partie de notre Site Web.<\/p>\n<p>La plupart des cookies que nous utilisons sont connus comme des cookies de session. Ces cookies expirent chaque fois que vous fermez votre navigateur ou \u00e9teignez votre ordinateur. D\u2019autres cookies, utilis\u00e9s dans un but sp\u00e9cifique, viendront \u00e0 expiration d\u00e8s lors que le but n\u2019est plus requis.<\/p>\n<p><strong>\u00a0<\/strong>Pour en savoir davantage sur le blocage des cookies de navigateurs sp\u00e9cifiques, veuillez consulter\u00a0<a href=\"http:\/\/aboutcookies.org\/\">http:\/\/aboutcookies.org<\/a>.<\/p>\n<p><strong><u>Modifications de notre Politique en mati\u00e8re de cookies<\/u><\/strong><\/p>\n<p>Toute modification que nous pouvons apporter \u00e0 notre Politique en mati\u00e8re de cookies \u00e0 l\u2019avenir sera publi\u00e9e sur cette page. Veillez \u00e0 consulter r\u00e9guli\u00e8rement cette page.<\/p>\n<p><strong><u>Nous contacter<\/u><\/strong><\/p>\n<p>Si vous avez une difficult\u00e9 quelconque li\u00e9e au mat\u00e9riel qui appara\u00eet sur le Site Web, ou souhaitez faire part de vos questions ou commentaires concernant la pr\u00e9sente Politique en mati\u00e8re de cookies, veuillez nous contacter \u00e0 info@owenmumford.com ou par lettre recommand\u00e9e \u00e0 notre adresse postale de Brook Hill, Woodstock, Oxford, OX20 1TU, Royaume-Uni ou utilisez le formulaire \u00ab Contact \u00bb sur le site Web en <a href=\"https:\/\/www.owenmumford.com\/fr\/contact\/\">cliquant ici<\/a>.<\/p>\n","protected":false},"excerpt":{"rendered":"<p>Politique en mati\u00e8re de Cookies Les cookies sont des petits fichiers texte install\u00e9s sur votre ordinateur par les sites Web que vous visitez. Ils sont largement utilis\u00e9s pour faire fonctionner les sites Web, ou am\u00e9liorer leur efficacit\u00e9, ainsi que pour fournir des informations aux propri\u00e9taires des sites. Ces cookies sont utilis\u00e9s pour recueillir des informations [&hellip;]<\/p>\n","protected":false},"author":16,"featured_media":0,"parent":0,"menu_order":0,"comment_status":"closed","ping_status":"closed","template":"","meta":{"footnotes":""},"class_list":["post-458","page","type-page","status-publish","hentry"],"yoast_head":"<!-- This site is optimized with the Yoast SEO plugin v27.2 - https:\/\/yoast.com\/product\/yoast-seo-wordpress\/ -->\n<title>Politique en mati\u00e8re de cookies - Unifine SafeControl<\/title>\n<meta name=\"robots\" content=\"index, follow, max-snippet:-1, max-image-preview:large, max-video-preview:-1\" \/>\n<link rel=\"canonical\" href=\"https:\/\/unifinesafecontrol.com\/fr\/politique-en-matiere-de-cookies\/\" \/>\n<meta property=\"og:locale\" content=\"fr_FR\" \/>\n<meta property=\"og:type\" content=\"article\" \/>\n<meta property=\"og:title\" content=\"Politique en mati\u00e8re de cookies - Unifine SafeControl\" \/>\n<meta property=\"og:description\" content=\"Politique en mati\u00e8re de Cookies Les cookies sont des petits fichiers texte install\u00e9s sur votre ordinateur par les sites Web que vous visitez. Ils sont largement utilis\u00e9s pour faire fonctionner les sites Web, ou am\u00e9liorer leur efficacit\u00e9, ainsi que pour fournir des informations aux propri\u00e9taires des sites. Ces cookies sont utilis\u00e9s pour recueillir des informations [&hellip;]\" \/>\n<meta property=\"og:url\" content=\"https:\/\/unifinesafecontrol.com\/fr\/politique-en-matiere-de-cookies\/\" \/>\n<meta property=\"og:site_name\" content=\"Unifine SafeControl\" \/>\n<meta property=\"article:modified_time\" content=\"2022-06-13T14:15:34+00:00\" \/>\n<meta name=\"twitter:card\" content=\"summary_large_image\" \/>\n<meta name=\"twitter:label1\" content=\"Dur\u00e9e de lecture estim\u00e9e\" \/>\n\t<meta name=\"twitter:data1\" content=\"6 minutes\" \/>\n<script type=\"application\/ld+json\" class=\"yoast-schema-graph\">{\"@context\":\"https:\/\/schema.org\",\"@graph\":[{\"@type\":\"WebPage\",\"@id\":\"https:\/\/unifinesafecontrol.com\/fr\/politique-en-matiere-de-cookies\/\",\"url\":\"https:\/\/unifinesafecontrol.com\/fr\/politique-en-matiere-de-cookies\/\",\"name\":\"Politique en mati\u00e8re de cookies - Unifine SafeControl\",\"isPartOf\":{\"@id\":\"https:\/\/unifinesafecontrol.com\/#website\"},\"datePublished\":\"2022-06-13T12:55:53+00:00\",\"dateModified\":\"2022-06-13T14:15:34+00:00\",\"inLanguage\":\"fr-FR\",\"potentialAction\":[{\"@type\":\"ReadAction\",\"target\":[\"https:\/\/unifinesafecontrol.com\/fr\/politique-en-matiere-de-cookies\/\"]}]},{\"@type\":\"WebSite\",\"@id\":\"https:\/\/unifinesafecontrol.com\/#website\",\"url\":\"https:\/\/unifinesafecontrol.com\/\",\"name\":\"Unifine SafeControl\",\"description\":\"An Owen Mumford Products site\",\"potentialAction\":[{\"@type\":\"SearchAction\",\"target\":{\"@type\":\"EntryPoint\",\"urlTemplate\":\"https:\/\/unifinesafecontrol.com\/?s={search_term_string}\"},\"query-input\":{\"@type\":\"PropertyValueSpecification\",\"valueRequired\":true,\"valueName\":\"search_term_string\"}}],\"inLanguage\":\"fr-FR\"}]}<\/script>\n<!-- \/ Yoast SEO plugin. -->","yoast_head_json":{"title":"Politique en mati\u00e8re de cookies - Unifine SafeControl","robots":{"index":"index","follow":"follow","max-snippet":"max-snippet:-1","max-image-preview":"max-image-preview:large","max-video-preview":"max-video-preview:-1"},"canonical":"https:\/\/unifinesafecontrol.com\/fr\/politique-en-matiere-de-cookies\/","og_locale":"fr_FR","og_type":"article","og_title":"Politique en mati\u00e8re de cookies - Unifine SafeControl","og_description":"Politique en mati\u00e8re de Cookies Les cookies sont des petits fichiers texte install\u00e9s sur votre ordinateur par les sites Web que vous visitez. Ils sont largement utilis\u00e9s pour faire fonctionner les sites Web, ou am\u00e9liorer leur efficacit\u00e9, ainsi que pour fournir des informations aux propri\u00e9taires des sites. Ces cookies sont utilis\u00e9s pour recueillir des informations [&hellip;]","og_url":"https:\/\/unifinesafecontrol.com\/fr\/politique-en-matiere-de-cookies\/","og_site_name":"Unifine SafeControl","article_modified_time":"2022-06-13T14:15:34+00:00","twitter_card":"summary_large_image","twitter_misc":{"Dur\u00e9e de lecture estim\u00e9e":"6 minutes"},"schema":{"@context":"https:\/\/schema.org","@graph":[{"@type":"WebPage","@id":"https:\/\/unifinesafecontrol.com\/fr\/politique-en-matiere-de-cookies\/","url":"https:\/\/unifinesafecontrol.com\/fr\/politique-en-matiere-de-cookies\/","name":"Politique en mati\u00e8re de cookies - Unifine SafeControl","isPartOf":{"@id":"https:\/\/unifinesafecontrol.com\/#website"},"datePublished":"2022-06-13T12:55:53+00:00","dateModified":"2022-06-13T14:15:34+00:00","inLanguage":"fr-FR","potentialAction":[{"@type":"ReadAction","target":["https:\/\/unifinesafecontrol.com\/fr\/politique-en-matiere-de-cookies\/"]}]},{"@type":"WebSite","@id":"https:\/\/unifinesafecontrol.com\/#website","url":"https:\/\/unifinesafecontrol.com\/","name":"Unifine SafeControl","description":"An Owen Mumford Products site","potentialAction":[{"@type":"SearchAction","target":{"@type":"EntryPoint","urlTemplate":"https:\/\/unifinesafecontrol.com\/?s={search_term_string}"},"query-input":{"@type":"PropertyValueSpecification","valueRequired":true,"valueName":"search_term_string"}}],"inLanguage":"fr-FR"}]}},"_links":{"self":[{"href":"https:\/\/unifinesafecontrol.com\/fr\/wp-json\/wp\/v2\/pages\/458","targetHints":{"allow":["GET"]}}],"collection":[{"href":"https:\/\/unifinesafecontrol.com\/fr\/wp-json\/wp\/v2\/pages"}],"about":[{"href":"https:\/\/unifinesafecontrol.com\/fr\/wp-json\/wp\/v2\/types\/page"}],"author":[{"embeddable":true,"href":"https:\/\/unifinesafecontrol.com\/fr\/wp-json\/wp\/v2\/users\/16"}],"replies":[{"embeddable":true,"href":"https:\/\/unifinesafecontrol.com\/fr\/wp-json\/wp\/v2\/comments?post=458"}],"version-history":[{"count":1,"href":"https:\/\/unifinesafecontrol.com\/fr\/wp-json\/wp\/v2\/pages\/458\/revisions"}],"predecessor-version":[{"id":487,"href":"https:\/\/unifinesafecontrol.com\/fr\/wp-json\/wp\/v2\/pages\/458\/revisions\/487"}],"wp:attachment":[{"href":"https:\/\/unifinesafecontrol.com\/fr\/wp-json\/wp\/v2\/media?parent=458"}],"curies":[{"name":"wp","href":"https:\/\/api.w.org\/{rel}","templated":true}]}}