{"id":460,"date":"2022-06-13T08:56:51","date_gmt":"2022-06-13T12:56:51","guid":{"rendered":"https:\/\/unifinesafecontrol.com\/intellectual-property-2\/"},"modified":"2022-06-13T10:16:18","modified_gmt":"2022-06-13T14:16:18","slug":"propriete-intellectuelle","status":"publish","type":"page","link":"https:\/\/unifinesafecontrol.com\/fr\/propriete-intellectuelle\/","title":{"rendered":"Propri\u00e9t\u00e9 intellectuelle"},"content":{"rendered":"<p>Owen Mumford est l\u2019un des plus grands concepteurs et fabricants de dispositifs m\u00e9dicaux au monde.<\/p>\n<p>Les observations de nos clients et des sp\u00e9cialistes cliniques nous incitent \u00e0 explorer en permanence les moyens d\u2019am\u00e9liorer notre gamme de produits existants et d\u2019\u00e9tendre notre portefeuille de produits. Dans le cadre de notre nouveau processus de d\u00e9veloppement de produits, nous d\u00e9veloppons et acqu\u00e9rons de nouvelles technologies qui nous permettent de cr\u00e9er des solutions innovantes de produits et de conceptions. Ce processus g\u00e9n\u00e8re une propri\u00e9t\u00e9 intellectuelle qui est utilis\u00e9e pour l\u2019ensemble de notre gamme de produits.<\/p>\n<p>Les droits de propri\u00e9t\u00e9 intellectuelle tels que les droits d\u2019auteur, les droits de conception, les marques commerciales, etc., disponibles sur le site Web owenmumford.com restent la propri\u00e9t\u00e9 d\u2019Owen Mumford (ou \u00e9ventuellement d\u2019un autre d\u00e9tenteur l\u00e9gitime).<\/p>\n<p>Le pr\u00e9sente page est destin\u00e9e \u00e0 servir d\u2019avis quant-\u00e0 tous les droits de propri\u00e9t\u00e9 intellectuelle actuels d\u00e9tenus par Owen Mumford ou accord\u00e9s sous licence \u00e0 Owen Mumford.<\/p>\n<p><strong>Famille de brevets sous licence\u00a0:<br \/>\n<\/strong><\/p>\n<p><strong>Ateria SafeControl<\/strong><\/p>\n<p>Les demandes de brevets en instance ou les brevets accord\u00e9s ci-dessous s\u2019appliquent \u00e0 ce produit:<\/p>\n<p>GB2532983B, CN107073228A, US2018\/221591A, and<\/p>\n<p>EP3174582B1 (validated in France, Germany, Italy, Spain, Sweden and the United Kingdom).<\/p>\n<p>GB2537441B, GB2552901A, CN106139329A, CN206325077U, JP2018515150A, KR101861978B, MX2017003305A, TWI649107B, US2018\/064883A, and<\/p>\n<p>EP3193989B (validated in Czech Republic, Denmark, France, Germany, Hungary, Ireland, Italy, Poland, Slovakia, Sweden, Switzerland and the United Kingdom).<\/p>\n<p>Les demandes de brevets en instance ou les brevets accord\u00e9s ci-dessous s\u2019appliquent \u00e0 ce produit:<\/p>\n<p>European Registered Community Design 3337856-0001 to 3337856-0027, CN304112706 S, CN304176972 S, CN304206697 S, CN304206698 S, CN304206699 S, CN304152270 S, CN304152271 S, IN290775, IN290776, IN290777, JP1611123, JP1611124, KR3009505980001, KR3009505980002, KR3009505980003.<\/p>\n","protected":false},"excerpt":{"rendered":"<p>Owen Mumford est l\u2019un des plus grands concepteurs et fabricants de dispositifs m\u00e9dicaux au monde. Les observations de nos clients et des sp\u00e9cialistes cliniques nous incitent \u00e0 explorer en permanence les moyens d\u2019am\u00e9liorer notre gamme de produits existants et d\u2019\u00e9tendre notre portefeuille de produits. Dans le cadre de notre nouveau processus de d\u00e9veloppement de produits, [&hellip;]<\/p>\n","protected":false},"author":16,"featured_media":0,"parent":0,"menu_order":0,"comment_status":"closed","ping_status":"closed","template":"","meta":{"footnotes":""},"class_list":["post-460","page","type-page","status-publish","hentry"],"yoast_head":"<!-- This site is optimized with the Yoast SEO plugin v27.2 - https:\/\/yoast.com\/product\/yoast-seo-wordpress\/ -->\n<title>Propri\u00e9t\u00e9 intellectuelle - Unifine SafeControl<\/title>\n<meta name=\"robots\" content=\"index, follow, max-snippet:-1, max-image-preview:large, max-video-preview:-1\" \/>\n<link rel=\"canonical\" href=\"https:\/\/unifinesafecontrol.com\/fr\/propriete-intellectuelle\/\" \/>\n<meta property=\"og:locale\" content=\"fr_FR\" \/>\n<meta property=\"og:type\" content=\"article\" \/>\n<meta property=\"og:title\" content=\"Propri\u00e9t\u00e9 intellectuelle - Unifine SafeControl\" \/>\n<meta property=\"og:description\" content=\"Owen Mumford est l\u2019un des plus grands concepteurs et fabricants de dispositifs m\u00e9dicaux au monde. Les observations de nos clients et des sp\u00e9cialistes cliniques nous incitent \u00e0 explorer en permanence les moyens d\u2019am\u00e9liorer notre gamme de produits existants et d\u2019\u00e9tendre notre portefeuille de produits. Dans le cadre de notre nouveau processus de d\u00e9veloppement de produits, [&hellip;]\" \/>\n<meta property=\"og:url\" content=\"https:\/\/unifinesafecontrol.com\/fr\/propriete-intellectuelle\/\" \/>\n<meta property=\"og:site_name\" content=\"Unifine SafeControl\" \/>\n<meta property=\"article:modified_time\" content=\"2022-06-13T14:16:18+00:00\" \/>\n<meta name=\"twitter:card\" content=\"summary_large_image\" \/>\n<meta name=\"twitter:label1\" content=\"Dur\u00e9e de lecture estim\u00e9e\" \/>\n\t<meta name=\"twitter:data1\" content=\"2 minutes\" \/>\n<script type=\"application\/ld+json\" class=\"yoast-schema-graph\">{\"@context\":\"https:\/\/schema.org\",\"@graph\":[{\"@type\":\"WebPage\",\"@id\":\"https:\/\/unifinesafecontrol.com\/fr\/propriete-intellectuelle\/\",\"url\":\"https:\/\/unifinesafecontrol.com\/fr\/propriete-intellectuelle\/\",\"name\":\"Propri\u00e9t\u00e9 intellectuelle - Unifine SafeControl\",\"isPartOf\":{\"@id\":\"https:\/\/unifinesafecontrol.com\/#website\"},\"datePublished\":\"2022-06-13T12:56:51+00:00\",\"dateModified\":\"2022-06-13T14:16:18+00:00\",\"inLanguage\":\"fr-FR\",\"potentialAction\":[{\"@type\":\"ReadAction\",\"target\":[\"https:\/\/unifinesafecontrol.com\/fr\/propriete-intellectuelle\/\"]}]},{\"@type\":\"WebSite\",\"@id\":\"https:\/\/unifinesafecontrol.com\/#website\",\"url\":\"https:\/\/unifinesafecontrol.com\/\",\"name\":\"Unifine SafeControl\",\"description\":\"An Owen Mumford Products site\",\"potentialAction\":[{\"@type\":\"SearchAction\",\"target\":{\"@type\":\"EntryPoint\",\"urlTemplate\":\"https:\/\/unifinesafecontrol.com\/?s={search_term_string}\"},\"query-input\":{\"@type\":\"PropertyValueSpecification\",\"valueRequired\":true,\"valueName\":\"search_term_string\"}}],\"inLanguage\":\"fr-FR\"}]}<\/script>\n<!-- \/ Yoast SEO plugin. -->","yoast_head_json":{"title":"Propri\u00e9t\u00e9 intellectuelle - Unifine SafeControl","robots":{"index":"index","follow":"follow","max-snippet":"max-snippet:-1","max-image-preview":"max-image-preview:large","max-video-preview":"max-video-preview:-1"},"canonical":"https:\/\/unifinesafecontrol.com\/fr\/propriete-intellectuelle\/","og_locale":"fr_FR","og_type":"article","og_title":"Propri\u00e9t\u00e9 intellectuelle - Unifine SafeControl","og_description":"Owen Mumford est l\u2019un des plus grands concepteurs et fabricants de dispositifs m\u00e9dicaux au monde. Les observations de nos clients et des sp\u00e9cialistes cliniques nous incitent \u00e0 explorer en permanence les moyens d\u2019am\u00e9liorer notre gamme de produits existants et d\u2019\u00e9tendre notre portefeuille de produits. Dans le cadre de notre nouveau processus de d\u00e9veloppement de produits, [&hellip;]","og_url":"https:\/\/unifinesafecontrol.com\/fr\/propriete-intellectuelle\/","og_site_name":"Unifine SafeControl","article_modified_time":"2022-06-13T14:16:18+00:00","twitter_card":"summary_large_image","twitter_misc":{"Dur\u00e9e de lecture estim\u00e9e":"2 minutes"},"schema":{"@context":"https:\/\/schema.org","@graph":[{"@type":"WebPage","@id":"https:\/\/unifinesafecontrol.com\/fr\/propriete-intellectuelle\/","url":"https:\/\/unifinesafecontrol.com\/fr\/propriete-intellectuelle\/","name":"Propri\u00e9t\u00e9 intellectuelle - Unifine SafeControl","isPartOf":{"@id":"https:\/\/unifinesafecontrol.com\/#website"},"datePublished":"2022-06-13T12:56:51+00:00","dateModified":"2022-06-13T14:16:18+00:00","inLanguage":"fr-FR","potentialAction":[{"@type":"ReadAction","target":["https:\/\/unifinesafecontrol.com\/fr\/propriete-intellectuelle\/"]}]},{"@type":"WebSite","@id":"https:\/\/unifinesafecontrol.com\/#website","url":"https:\/\/unifinesafecontrol.com\/","name":"Unifine SafeControl","description":"An Owen Mumford Products site","potentialAction":[{"@type":"SearchAction","target":{"@type":"EntryPoint","urlTemplate":"https:\/\/unifinesafecontrol.com\/?s={search_term_string}"},"query-input":{"@type":"PropertyValueSpecification","valueRequired":true,"valueName":"search_term_string"}}],"inLanguage":"fr-FR"}]}},"_links":{"self":[{"href":"https:\/\/unifinesafecontrol.com\/fr\/wp-json\/wp\/v2\/pages\/460","targetHints":{"allow":["GET"]}}],"collection":[{"href":"https:\/\/unifinesafecontrol.com\/fr\/wp-json\/wp\/v2\/pages"}],"about":[{"href":"https:\/\/unifinesafecontrol.com\/fr\/wp-json\/wp\/v2\/types\/page"}],"author":[{"embeddable":true,"href":"https:\/\/unifinesafecontrol.com\/fr\/wp-json\/wp\/v2\/users\/16"}],"replies":[{"embeddable":true,"href":"https:\/\/unifinesafecontrol.com\/fr\/wp-json\/wp\/v2\/comments?post=460"}],"version-history":[{"count":1,"href":"https:\/\/unifinesafecontrol.com\/fr\/wp-json\/wp\/v2\/pages\/460\/revisions"}],"predecessor-version":[{"id":488,"href":"https:\/\/unifinesafecontrol.com\/fr\/wp-json\/wp\/v2\/pages\/460\/revisions\/488"}],"wp:attachment":[{"href":"https:\/\/unifinesafecontrol.com\/fr\/wp-json\/wp\/v2\/media?parent=460"}],"curies":[{"name":"wp","href":"https:\/\/api.w.org\/{rel}","templated":true}]}}